{"id":106,"date":"2014-12-02T19:12:16","date_gmt":"2014-12-02T17:12:16","guid":{"rendered":"http:\/\/www.hamburger-laufladen.de\/wordpress\/?page_id=106"},"modified":"2025-07-17T14:06:41","modified_gmt":"2025-07-17T12:06:41","slug":"trainieren","status":"publish","type":"page","link":"https:\/\/www.hamburger-laufladen.de\/wordpress\/trainieren\/","title":{"rendered":"Mit uns trainieren"},"content":{"rendered":"<div id=\"fb-root\"><\/div>\n<div class=\"csc-header csc-header-n1\">\n<h2 class=\"csc-firstHeader\">Training &#8211; trainieren &#8211; Training &#8211; trainieren:<\/h2>\n<\/div>\n<div class=\"csc-textpic-text\">\n<p class=\"bodytext\">Hier steht in bunter Mischung alles, was wir rund ums Training anbieten.<\/p>\n<\/div>\n<div class=\"csc-header csc-header-n2\">\n<h2>Physiotherapie:<\/h2>\n<\/div>\n<div class=\"csc-textpic-text\">\n<p class=\"bodytext\">Keine Lust mehr auf Schmerzen? Gratistipps gibt es im Hamburger Laufladen von Jens Gauger (Physiotherapeut). Jens kann man auch im Rahmen eines <a href=\"https:\/\/www.hamburger-laufladen.de\/wordpress\/personaltraining\/\">Personal Trainings als Physio buchen.<\/a><\/p>\n<\/div>\n<div class=\"csc-header csc-header-n3\">\n<h2>Personaltraining:<\/h2>\n<\/div>\n<div class=\"csc-textpic-text\">\n<p class=\"bodytext\">Du m\u00f6chtest Deine Bestzeit oder Deinen Laufstil verbessern, etwas zur grunds\u00e4tzlichen Trainingsgestaltung lernen, 20 kg abnehmen oder einfach keine Schmerzen mehr beim Laufen haben? Oder Du m\u00f6chtest in einr Kleingruppe einen Trainer mieten? Nat\u00fcrlich kannst Du von Jens Gauger, Hamburgs schnellstem Laufladenbesitzer und 7-fachem Deutschen Meister individuell betreuen lassen oder auch von einem anderen Trainer oder einer Trainerin.<br \/>\n<strong><a href=\"http:\/\/www.hamburger-laufladen.de\/wordpress\/personaltraining\/\">&gt;&gt;&gt; mehr<\/a><\/strong><\/p>\n<\/div>\n<div class=\"csc-textpic-text\">\n<h2>Betriebssporttraining light (auch f\u00fcr G\u00e4ste offen) &#8211;<br \/>\nTraining f\u00fcr etwas Ambitionierte im Hamburger Laufladen<\/h2>\n<p><span style=\"color: #000000;\"><span style=\"font-family: Arial, sans-serif;\"><span style=\"font-size: small;\">Du l\u00e4ufst gerne, mindestens 2x pro Woche und 60 Minuten durch, l\u00e4uft eher langsam (10 km in 55-75 Minuten) und m\u00f6chtest schneller werden? Dann mach gern ein Probetraining in unserer Betriebssportgruppe light. In der Gruppe trainieren wir Lauftechnik, Kraftausdauer und machen Tempol\u00e4ufe. Wer Lust hat, kann an an der Winterlaufserie des Betriebssportverbandes teilnehmen.<\/span><\/span><\/span><\/p>\n<p><span style=\"font-family: Arial, sans-serif;\"><span style=\"font-size: small;\"><span style=\"color: #000000;\"><b>Termin: <\/b><\/span><span style=\"color: #000000;\">donnerstags 19:15 Uhr ab Hamburger Laufladen \u2013 Turnhalle. Das Training findet ganzj\u00e4hrig mit wenigen Ausnahmen und bei jedem Wetter statt.<br \/>\n<\/span><span style=\"color: #000000;\"><b>Trainerin:<\/b><\/span><span style=\"color: #000000;\"> Miriam Stroetmann<\/span><\/span><\/span><br \/>\n<a class=\"mail\" title=\"\u00d6ffnet ein Fenster zum Versenden einer E-Mail\" href=\"mailto:info@hamburger-laufladen.de\"><strong>E-Mail an Miriam Stroetmann<\/strong><\/a><\/p>\n<\/div>\n<div class=\"csc-header csc-header-n5\">\n<h2>Betriebssporttraining strong (auch f\u00fcr G\u00e4ste offen) &#8211;<br \/>\nTraining f\u00fcr etwas mehr Ambitionierte im Hamburger Laufladen<\/h2>\n<\/div>\n<div class=\"csc-textpic-text\">\n<p class=\"bodytext\">Du l\u00e4ufst Wettk\u00e4mpfe (10 km in 39-55 Minuten) und m\u00f6chtest schneller werden ? Dann mach gern ein Probetraining in unserer Betriebssportgruppe mit. In der Gruppe trainieren wir Lauftechnik, Kraftausdauer, Tempol\u00e4ufe, nehmen an der Winterlaufserie des Betriebssportverbandes teil\u00a0und bereiten uns gemeinsam auf gro\u00dfe L\u00e4ufe vor.<\/p>\n<p><strong>Termine:<\/strong><\/p>\n<ul>\n<li>Dienstags 19:15 Uhr mit Jens Gauger, <strong>Treffpunkt:<\/strong> Hamburger Laufladen<\/li>\n<\/ul>\n<ul>\n<li>Mittwochs 18:30 Uhr mit Jens Freitag , <strong>Treffpunkt<\/strong> Jahnkampfbahn vor den Umkleiden<\/li>\n<\/ul>\n<p class=\"bodytext\">Interessiert?<br \/>\n<strong><a class=\"mail\" title=\"\u00d6ffnet ein Fenster zum Versenden einer E-Mail\" href=\"mailto:info@hamburger-laufladen.de\"> E-Mail an Jens Gauger<\/a><\/strong><\/p>\n<\/div>\n<div class=\"csc-header csc-header-n6\">\n<h2>Training f\u00fcr schnelle L\u00e4uferinnen und L\u00e4ufer:<\/h2>\n<\/div>\n<div class=\"csc-textpic-text\">\n<p class=\"bodytext\">Wer schneller als der Schnitt ist, l\u00e4uft meistens in einem Verein.<br \/>\nDas macht auch Jens Gauger. Er l\u00e4uft f\u00fcr den Hamburger Laufladen e.V..<br \/>\nHier sind alle willkommen, die Lust auf Leistungssport haben, Meisterschaften laufen wollen und schneller als <em>38min\/10km\/M\u00e4nner<\/em> und <em>44min\/10km\/Frauen<\/em> sind. Training ist Mittwochs, Freitags und Sonntags. Mehr\u00a0Infos bei Jens Gauger im Laden oder<br \/>\n<a class=\"mail\" title=\"\u00d6ffnet ein Fenster zum Versenden einer E-Mail\" href=\"mailto:jens@hamburger-laufladen.de\"><strong>per Mail<\/strong><\/a>.<\/p>\n<h1><a href=\"https:\/\/www.hamburger-laufladen.de\/wordpress\/kursprogramm\/\">Kurse geben wir auch -&gt; mehr<\/a><\/h1>\n<\/div>\n<div class=\"csc-header csc-header-n7\">\n<p>&nbsp;<\/p>\n<\/div>\n<p>&nbsp;<\/p>\n","protected":false},"excerpt":{"rendered":"<p>Training &#8211; trainieren &#8211; Training &#8211; trainieren: Hier steht in bunter Mischung alles, was wir rund ums Training anbieten. Physiotherapie: Keine Lust mehr auf Schmerzen? Gratistipps gibt es im Hamburger Laufladen von Jens Gauger (Physiotherapeut). Jens kann man auch im Rahmen eines Personal Trainings als Physio buchen. Personaltraining: Du m\u00f6chtest Deine Bestzeit oder Deinen Laufstil &hellip; <\/p>\n<p><a class=\"more-link btn\" href=\"https:\/\/www.hamburger-laufladen.de\/wordpress\/trainieren\/\">Weiterlesen<\/a><\/p>\n","protected":false},"author":1,"featured_media":0,"parent":0,"menu_order":0,"comment_status":"closed","ping_status":"closed","template":"","meta":{"footnotes":""},"class_list":["post-106","page","type-page","status-publish","hentry","nodate","item-wrap"],"_links":{"self":[{"href":"https:\/\/www.hamburger-laufladen.de\/wordpress\/wp-json\/wp\/v2\/pages\/106","targetHints":{"allow":["GET"]}}],"collection":[{"href":"https:\/\/www.hamburger-laufladen.de\/wordpress\/wp-json\/wp\/v2\/pages"}],"about":[{"href":"https:\/\/www.hamburger-laufladen.de\/wordpress\/wp-json\/wp\/v2\/types\/page"}],"author":[{"embeddable":true,"href":"https:\/\/www.hamburger-laufladen.de\/wordpress\/wp-json\/wp\/v2\/users\/1"}],"replies":[{"embeddable":true,"href":"https:\/\/www.hamburger-laufladen.de\/wordpress\/wp-json\/wp\/v2\/comments?post=106"}],"version-history":[{"count":29,"href":"https:\/\/www.hamburger-laufladen.de\/wordpress\/wp-json\/wp\/v2\/pages\/106\/revisions"}],"predecessor-version":[{"id":21383,"href":"https:\/\/www.hamburger-laufladen.de\/wordpress\/wp-json\/wp\/v2\/pages\/106\/revisions\/21383"}],"wp:attachment":[{"href":"https:\/\/www.hamburger-laufladen.de\/wordpress\/wp-json\/wp\/v2\/media?parent=106"}],"curies":[{"name":"wp","href":"https:\/\/api.w.org\/{rel}","templated":true}]}}