{"id":128,"date":"2014-12-03T00:08:05","date_gmt":"2014-12-02T22:08:05","guid":{"rendered":"http:\/\/www.hamburger-laufladen.de\/wordpress\/?page_id=128"},"modified":"2023-01-13T19:35:13","modified_gmt":"2023-01-13T17:35:13","slug":"newsletter","status":"publish","type":"page","link":"https:\/\/www.hamburger-laufladen.de\/wordpress\/newsletter\/","title":{"rendered":"Newsletter An- und Abmeldung:"},"content":{"rendered":"<div id=\"fb-root\"><\/div>\n<div class=\"csc-header csc-header-n3\">\n<div class=\"frm_description\">\n<p>Unser Newsletter wird alle ein bis zwei Monate versendet, enh\u00e4lt ein paar sportliche Tipps, die Angebote des Monats, was wir neu im Laden haben und nat\u00fcrlich ein Gewinnspiel.<\/p>\n<p>Wenn Du unseren Newsletter beziehen m\u00f6chtest oder genau das nicht mehr willst, schick das Formular unten ab.<\/p>\n<div class=\"frm_forms  with_frm_style frm_style_formidable-style\" id=\"frm_form_9_container\" data-token=\"d923adf7ceb1732dfa52ccbf75d4093a\">\n<form enctype=\"multipart\/form-data\" method=\"post\" class=\"frm-show-form \" id=\"form_fjikm2d80019eb94fad6f4b4b0\" data-token=\"d923adf7ceb1732dfa52ccbf75d4093a\">\n<div class=\"frm_form_fields \">\n<fieldset>\n<legend class=\"frm_screen_reader\">Newsletter <\/legend>\r\n<h3 class=\"frm_form_title\">Newsletter <\/h3>\r\n<div class=\"frm_fields_container\">\n<input type=\"hidden\" name=\"frm_action\" value=\"create\" \/>\n<input type=\"hidden\" name=\"form_id\" value=\"9\" \/>\n<input type=\"hidden\" name=\"frm_hide_fields_9\" id=\"frm_hide_fields_9\" value=\"\" \/>\n<input type=\"hidden\" name=\"form_key\" value=\"fjikm2d80019eb94fad6f4b4b0\" \/>\n<input type=\"hidden\" name=\"item_meta[0]\" value=\"\" \/>\n<input type=\"hidden\" id=\"frm_submit_entry_9\" name=\"frm_submit_entry_9\" value=\"d989269b09\" \/><input type=\"hidden\" name=\"_wp_http_referer\" value=\"\/wordpress\/wp-json\/wp\/v2\/pages\/128\" \/><div id=\"frm_field_56_container\" class=\"frm_form_field form-field  frm_top_container\">\r\n    <label for=\"field_s0g0o07d428b6688aadfe529f\" class=\"frm_primary_label\">Name - wer mag\r\n        <span class=\"frm_required\"><\/span>\r\n    <\/label>\r\n    <input type=\"text\" id=\"field_s0g0o07d428b6688aadfe529f\" name=\"item_meta[56]\" value=\"\"  data-invmsg=\"Text ist ung\u00fcltig\" aria-invalid=\"false\"  \/>\r\n    \r\n    \r\n<\/div>\n<div id=\"frm_field_59_container\" class=\"frm_form_field form-field  frm_required_field frm_top_container\">\r\n    <label for=\"field_gh8x4dbaf86d33c21dbd4ee80\" class=\"frm_primary_label\">* E-Mail\r\n        <span class=\"frm_required\">*<\/span>\r\n    <\/label>\r\n    <input type=\"email\" id=\"field_gh8x4dbaf86d33c21dbd4ee80\" name=\"item_meta[59]\" value=\"\"  data-reqmsg=\"Dieses Feld darf nicht leer sein.\" aria-required=\"true\" data-invmsg=\"E-Mail-Adresse: ist ung\u00fcltig\" aria-invalid=\"false\"  \/>\r\n    \r\n    \r\n<\/div>\n<div id=\"frm_field_70_container\" class=\"frm_form_field form-field  frm_top_container vertical_radio\">\r\n    <div  id=\"field_xw2bs_label\" class=\"frm_primary_label\">Newsletter\r\n        <span class=\"frm_required\" aria-hidden=\"true\"><\/span>\r\n    <\/div>\r\n    <div class=\"frm_opt_container\" aria-labelledby=\"field_xw2bs_label\" role=\"radiogroup\">\t\t<div class=\"frm_radio\" id=\"frm_radio_70-0\">\t\t\t<label  for=\"field_xw2bs-0\">\n\t\t\t\t\t<input type=\"radio\" name=\"item_meta[70]\" id=\"field_xw2bs-0\" value=\"anmelden\"\n\t\t data-invmsg=\"Newsletter ist ung\u00fcltig\"   \/> anmelden<\/label><\/div>\n\t\t<div class=\"frm_radio\" id=\"frm_radio_70-1\">\t\t\t<label  for=\"field_xw2bs-1\">\n\t\t\t\t\t<input type=\"radio\" name=\"item_meta[70]\" id=\"field_xw2bs-1\" value=\"abmelden\"\n\t\t data-invmsg=\"Newsletter ist ung\u00fcltig\"   \/> abmelden<\/label><\/div>\n<\/div>\r\n    \r\n    \r\n<\/div>\n\t<input type=\"hidden\" name=\"item_key\" value=\"\" \/>\n\t\t\t<div id=\"frm_field_102_container\">\n\t\t\t<label for=\"field_u5b7s\" >\n\t\t\t\tFalls Du menschlich bist, lasse dieses Feld leer.\t\t\t<\/label>\n\t\t\t<input  id=\"field_u5b7s\" type=\"text\" class=\"frm_form_field form-field frm_verify\" name=\"item_meta[102]\" value=\"\"  \/>\n\t\t<\/div>\n\t\t<input name=\"frm_state\" type=\"hidden\" value=\"QY0zesPUvgUpycTsuSn9KPZdE7AEUmz0jIJfNiHdeeQ=\" \/><div class=\"frm_submit\">\r\n\r\n<button class=\"frm_button_submit\" type=\"submit\"  >Senden<\/button>\r\n\r\n<\/div><\/div>\n<\/fieldset>\n<\/div>\n\n<\/form>\n<\/div>\n\n<p><a href=\"http:\/\/www.hamburger-laufladen.de\/wordpress\/datenschutzerklaerung\/\">-&gt; Zu unserer Datenschutzerkl\u00e4rung<\/a><\/p>\n<\/div>\n<\/div>\n","protected":false},"excerpt":{"rendered":"<p>Unser Newsletter wird alle ein bis zwei Monate versendet, enh\u00e4lt ein paar sportliche Tipps, die Angebote des Monats, was wir neu im Laden haben und nat\u00fcrlich ein Gewinnspiel. Wenn Du unseren Newsletter beziehen m\u00f6chtest oder genau das nicht mehr willst, schick das Formular unten ab. -&gt; Zu unserer Datenschutzerkl\u00e4rung<\/p>\n","protected":false},"author":1,"featured_media":0,"parent":0,"menu_order":12,"comment_status":"closed","ping_status":"closed","template":"","meta":{"footnotes":""},"class_list":["post-128","page","type-page","status-publish","hentry","nodate","item-wrap"],"_links":{"self":[{"href":"https:\/\/www.hamburger-laufladen.de\/wordpress\/wp-json\/wp\/v2\/pages\/128","targetHints":{"allow":["GET"]}}],"collection":[{"href":"https:\/\/www.hamburger-laufladen.de\/wordpress\/wp-json\/wp\/v2\/pages"}],"about":[{"href":"https:\/\/www.hamburger-laufladen.de\/wordpress\/wp-json\/wp\/v2\/types\/page"}],"author":[{"embeddable":true,"href":"https:\/\/www.hamburger-laufladen.de\/wordpress\/wp-json\/wp\/v2\/users\/1"}],"replies":[{"embeddable":true,"href":"https:\/\/www.hamburger-laufladen.de\/wordpress\/wp-json\/wp\/v2\/comments?post=128"}],"version-history":[{"count":15,"href":"https:\/\/www.hamburger-laufladen.de\/wordpress\/wp-json\/wp\/v2\/pages\/128\/revisions"}],"predecessor-version":[{"id":17539,"href":"https:\/\/www.hamburger-laufladen.de\/wordpress\/wp-json\/wp\/v2\/pages\/128\/revisions\/17539"}],"wp:attachment":[{"href":"https:\/\/www.hamburger-laufladen.de\/wordpress\/wp-json\/wp\/v2\/media?parent=128"}],"curies":[{"name":"wp","href":"https:\/\/api.w.org\/{rel}","templated":true}]}}