{"id":135,"date":"2014-12-03T00:20:03","date_gmt":"2014-12-02T22:20:03","guid":{"rendered":"http:\/\/www.hamburger-laufladen.de\/wordpress\/?page_id=135"},"modified":"2020-06-10T11:32:47","modified_gmt":"2020-06-10T09:32:47","slug":"anfahrt-parken","status":"publish","type":"page","link":"https:\/\/www.hamburger-laufladen.de\/wordpress\/anfahrt-parken\/","title":{"rendered":"Anfahrt &#038; Parken"},"content":{"rendered":"<div id=\"fb-root\"><\/div>\n<h2>Wie kommt man am besten zum Hamburger Laufladen?<\/h2>\n<div>\n<ul>\n<li><strong>Navi:<\/strong> Ohlsdorfer Str. 60 oder oder Linnering (Parkplatz vor der Jahnkampfbahn)<\/li>\n<li>Mit dem <strong>Rad:<\/strong> Wir haben Fahrradst\u00e4nder vor der T\u00fcr.<\/li>\n<li>Mit dem <strong>HVV:<\/strong> Am besten f\u00e4hrt man mit der<strong> 20er oder 118er Bus<\/strong>linie bis &#8222;Ohlsdorfer Stra\u00dfe&#8220; (Planetarium). Etwas weiter ist die<strong> U 1 Lattenkamp<\/strong> entfernt und noch ein St\u00fcck weiter ist die S1 R\u00fcbenkamp. [<a title=\"HVV\" href=\"http:\/\/www.geofox.de\/base\/welcome.jsp?LANGUAGE=D&amp;INPUTZIELTYP=A&amp;INPUTZIELTEXT1=Ohlsdorfer+Str.+60&amp;INPUTZIELTEXT2=Hamburg\" target=\"_blank\" rel=\"noopener noreferrer\">Verbindung suchen<\/a>]<\/li>\n<li>Mit dem<strong> Auto: Parkpl\u00e4tze<\/strong> stehen kostenlos vor der Jahnkampfbahn am Linnering zur Verf\u00fcgung.<br \/>\nAdresse f\u00fcrs Navi: Ohlsdorfer Stra\u00dfe 60 oder Linnering oder [<a title=\"Googlemaps\" href=\"http:\/\/maps.google.de\/maps?f=d&amp;hl=de&amp;geocode=&amp;saddr=&amp;daddr=Ohlsdorfer+Stra%C3%9Fe+60,+22297+Winterhude,+Hamburg&amp;sll=53.595816,10.008116&amp;sspn=0.0122,0.037594&amp;ie=UTF8&amp;ll=53.599636,10.006227&amp;spn=0.012199,0.037594&amp;z=15\" target=\"_blank\" rel=\"noopener noreferrer\">zum Routenplaner<\/a>].<\/li>\n<\/ul>\n<\/div>\n<p>&nbsp;<\/p>\n<p><iframe loading=\"lazy\" src=\"https:\/\/www.google.com\/maps\/embed?pb=!1m14!1m8!1m3!1d18940.889005515524!2d10.002193!3d53.6004!3m2!1i1024!2i768!4f13.1!3m3!1m2!1s0x0%3A0x513c87d9792d3953!2sHamburger+Laufladen!5e0!3m2!1sde!2sde!4v1417459188027\" width=\"540\" height=\"405\" frameborder=\"0\"><\/iframe><\/p>\n","protected":false},"excerpt":{"rendered":"<p>Wie kommt man am besten zum Hamburger Laufladen? Navi: Ohlsdorfer Str. 60 oder oder Linnering (Parkplatz vor der Jahnkampfbahn) Mit dem Rad: Wir haben Fahrradst\u00e4nder vor der T\u00fcr. Mit dem HVV: Am besten f\u00e4hrt man mit der 20er oder 118er Buslinie bis &#8222;Ohlsdorfer Stra\u00dfe&#8220; (Planetarium). Etwas weiter ist die U 1 Lattenkamp entfernt und noch &hellip; <\/p>\n<p><a class=\"more-link btn\" href=\"https:\/\/www.hamburger-laufladen.de\/wordpress\/anfahrt-parken\/\">Weiterlesen<\/a><\/p>\n","protected":false},"author":1,"featured_media":0,"parent":0,"menu_order":3,"comment_status":"closed","ping_status":"closed","template":"","meta":{"footnotes":""},"class_list":["post-135","page","type-page","status-publish","hentry","nodate","item-wrap"],"_links":{"self":[{"href":"https:\/\/www.hamburger-laufladen.de\/wordpress\/wp-json\/wp\/v2\/pages\/135","targetHints":{"allow":["GET"]}}],"collection":[{"href":"https:\/\/www.hamburger-laufladen.de\/wordpress\/wp-json\/wp\/v2\/pages"}],"about":[{"href":"https:\/\/www.hamburger-laufladen.de\/wordpress\/wp-json\/wp\/v2\/types\/page"}],"author":[{"embeddable":true,"href":"https:\/\/www.hamburger-laufladen.de\/wordpress\/wp-json\/wp\/v2\/users\/1"}],"replies":[{"embeddable":true,"href":"https:\/\/www.hamburger-laufladen.de\/wordpress\/wp-json\/wp\/v2\/comments?post=135"}],"version-history":[{"count":9,"href":"https:\/\/www.hamburger-laufladen.de\/wordpress\/wp-json\/wp\/v2\/pages\/135\/revisions"}],"predecessor-version":[{"id":2689,"href":"https:\/\/www.hamburger-laufladen.de\/wordpress\/wp-json\/wp\/v2\/pages\/135\/revisions\/2689"}],"wp:attachment":[{"href":"https:\/\/www.hamburger-laufladen.de\/wordpress\/wp-json\/wp\/v2\/media?parent=135"}],"curies":[{"name":"wp","href":"https:\/\/api.w.org\/{rel}","templated":true}]}}