{"id":19,"date":"2014-12-01T20:35:44","date_gmt":"2014-12-01T18:35:44","guid":{"rendered":"http:\/\/www.hamburger-laufladen.de\/wordpress\/?page_id=19"},"modified":"2026-04-17T17:30:09","modified_gmt":"2026-04-17T15:30:09","slug":"kursprogramm","status":"publish","type":"page","link":"https:\/\/www.hamburger-laufladen.de\/wordpress\/kursprogramm\/","title":{"rendered":"Kursprogramm"},"content":{"rendered":"<div id=\"fb-root\"><\/div>\n<p>\u00a0Wo die Kurse starten, steht bei dem jeweiligen Kurs.<br \/><strong>Veranstalter ist der Hamburger Laufladen e.V.<\/strong><\/p>\r\n<p><span lang=\"de-DE\">Sparda Bank Hamburg<br \/>Jens Gauger \/ Hamburger Laufladen e.V.<br \/>IBAN: <\/span><span lang=\"de-DE\">DE80 2069 0500 0004 2058 98 <br \/>BIC: GENODEF1S11<\/span><\/p>\r\n<p><span lang=\"de-DE\">Zahlung per Paypal ist auch m\u00f6glich. Siehe <\/span><span lang=\"zxx\"><a href=\"http:\/\/www.hamburger-laufladen.de\/anmeldung\">www.hamburger-laufladen.de\/anmeldung<\/a><\/span><\/p>\r\n<p align=\"LEFT\"><span lang=\"de-DE\">&#8211; Ohne Anmeldung und Bezahlung ist keine Teilnahme m\u00f6glich. <br \/>&#8211; Die Bezahlung muss bis Donnerstag vor Kursstart <strong>bei uns sein<\/strong>. Konto oder Paypal. <br \/>&#8211; Stornierungen mit voller Erstattung der Kursgeb\u00fchr sind bis 10 Tage vor Kursbeginn m\u00f6glich. <br \/>&#8211; Eine R\u00fcckerstattung der Kursgeb\u00fchr ist nach Beginn des Kurses nicht m\u00f6glich. <br \/>&#8211; Einzelne Kurstermine werden nicht erstattet. <br \/>&#8211; Der Nachz\u00fcglerpreis gilt ab Freitag vor Kurstart. Ausnahme &#8222;Laufanf\u00e4nger&#8220; hier gibt es keine Nachz\u00fcgler, sondern nur einen Preis. \ud83d\ude42<\/span><\/p>\r\n<h3>Die Kurse finden nicht an Feiertagen statt!<\/h3>\r\n<h3>\u00a0<\/h3>\r\n<p>#######################################################<\/p>\r\n<p><!-- \/wp:post-content -->\r\n\r\n<!-- wp:paragraph --><\/p>\r\n<p><strong>Welche Kurse finden an welchem Tag statt?<\/strong><\/p>\r\n<p><!-- \/wp:paragraph --><\/p>\r\n<table class=\"wp-block-table\" border=\"1\" width=\"751\">\r\n<tbody>\r\n<tr>\r\n<td>MO<\/td>\r\n<td>DI<\/td>\r\n<td>MI<\/td>\r\n<td>DO<\/td>\r\n<\/tr>\r\n<tr>\r\n<td>\r\n<p><a href=\"#athletik\">&#8211; Laufathletik<\/a><br \/><a href=\"#hase\">&#8211; Laufen 2 &#8211; Hase<\/a><br \/><a href=\"#hase\">&#8211; Laufen 2 &#8211; Igel<\/a><\/p>\r\n<\/td>\r\n<td>\r\n<p><a href=\"http:\/\/www.hamburger-laufladen.de\/wordpress\/betriebssport\/\">&#8211; HHLL-Tempo\u00a0strong<\/a><br \/><a href=\"#core\">&#8211; Running&amp;Core<\/a><br \/><a href=\"#start\">&#8211; Laufanf\u00e4nger<\/a><\/p>\r\n<\/td>\r\n<td>\r\n<p><a href=\"http:\/\/www.hamburger-laufladen.de\/wordpress\/betriebssport\/\">&#8211; HHLL-Tempo strong<\/a><br \/><a href=\"http:\/\/www.hamburger-laufladen.de\/wordpress\/leistungssport\/\">&#8211; HHLL-Tempo superfast<br \/>Vereinstraining<\/a><\/p>\r\n<p>&nbsp;<\/p>\r\n<\/td>\r\n<td><a href=\"http:\/\/www.hamburger-laufladen.de\/wordpress\/betriebssport\/\">&#8211; HHLL-Tempo light<\/a><br \/><a href=\"#technik\">&#8211; Lauftechnik<\/a><br \/><a href=\"#start\">&#8211; Laufanf\u00e4nger<\/a><\/td>\r\n<\/tr>\r\n<\/tbody>\r\n<\/table>\r\n<h3>#############Kurse ####################<\/h3>\r\n<p><strong><a name=\"start\"><\/a>Anf\u00e4nger Laufkurs I &#8211; (<a href=\"#kk\">F\u00f6rderung durch die Krankenkasse m\u00f6glich*<\/a>)<br \/><\/strong>Geeignet f\u00fcr absolute Laufanf\u00e4nger. Gemeinsam steigern wir die Ausdauerleistungsf\u00e4higkeit. Jeder Teilnehmer ist am Ende des Kurses in der Lage, 30 Minuten ohne Pause zu laufen. Im Theorieteil erfahrt Ihr, wie man effektiv, aber entspannt trainiert, wie Verletzungen vermieden werden und welche Hilfsmittel das Laufen erleichtern. Wir laufen auf beleuchteten Wegen. Eine Abgabe von Jacken und Taschen ist m\u00f6glich.<\/p>\r\n<ul>\r\n<li><strong>\u00a0Dienstag: <\/strong>19.5.-7-7. von 19.45-21.15 Uhr (8 Termine &#8211; Kurs 26-27 &#8211; 90 Euro)\u00a0<br \/><strong>Trainer:<\/strong> Nils Obermann, Sportwissenschaftler<br \/><strong>Treffpunkt:<\/strong> IM Hamburger Laufladen &#8211; Ohlsdorfer Str. 60<\/li>\r\n<\/ul>\r\n<p><a href=\"https:\/\/www.hamburger-laufladen.de\/wordpress\/kursprogramm\/anmeldung\/\">&gt;&gt;&gt;Zur Anmeldung<\/a><\/p>\r\n<p><a name=\"hase\"><\/a><strong id=\"laufen2\">Laufkurs II\u00a0 -&gt; Hase\u00a0 &amp; Igel<br \/><\/strong>Hast Du schon einen Anf\u00e4nger-Laufkurs besucht oder kannst 30 Minuten am St\u00fcck laufen? Dann kannst Du hier Deine bereits erworbenen F\u00e4higkeiten weiter vertiefen und verbessern. Zus\u00e4tzlich lernst du nebenbei n\u00fctzliche Dinge zum Thema Trainingsintensit\u00e4t und -planung. Ziel ist es, am Ende des Kurses 50 Minuten am St\u00fcck zu laufen, verschiedene Trainingsformen zu kennen und anzuwenden. Laufen II \u2013 Hase ist f\u00fcr die, die auch im Laufkurs 1 immer vorne mit dabei waren oder schon l\u00e4nger laufen oder den Kurs schon ein paar mal gemacht haben. Der Igel-Kurs ist f\u00fcr die, die eher hinten mit dabei waren, keinen Tempo-Druck m\u00f6gen oder grunds\u00e4tzlich eher langsamer sind. Wir laufen auf beleuchteten Wegen. Eine Abgabe von Jacken und<\/p>\r\n<ul>\r\n<li><strong><span lang=\"de-DE\">AUSGEBUCHT! &#8211; Montags-<\/span><span lang=\"de-DE\">Igel: <\/span><\/strong><span lang=\"de-DE\">18.5.-29.6. von 17.30-19 Uhr (6 Termine &#8211; Kurs 26-22, auch an Pfingsten und nicht am 15.6. &#8211; 48 Euro)<br \/><br \/><\/span><\/li>\r\n<li>\r\n<p align=\"LEFT\"><strong><span lang=\"de-DE\">Montags-<\/span><span lang=\"de-DE\">Hase: <\/span><\/strong><span lang=\"de-DE\">18.5.-29.6. von 19.15-20.45 Uhr (6 Termine &#8211; Kurs 26-23, auch an Pfingsten und nicht am 15.6. &#8211; 48 Euro)<br \/><br \/><\/span><\/p>\r\n<\/li>\r\n<\/ul>\r\n<p>Trainerin: Alex Berghofen, C-Trainerin Leichtathletik<br \/>Treffpunkt: Bei Beginn vor 19 Uhr VOR dem Hamburger Laufladen, sonst IM Laden &#8211; Ohlsdorfer Str. 60<br \/><a href=\"https:\/\/www.hamburger-laufladen.de\/wordpress\/kursprogramm\/anmeldung\/\">&gt;&gt;&gt;Zur Anmeldung<\/a><\/p>\r\n<p><strong>Laufstil-Athletik-Training <\/strong>(ehemals\u00a0Lauftechnik und Laufathletik)<strong><br \/><\/strong>Ziel dieses Kurses ist es, deinen Laufstil durch Athletiktraining und Koordination beim Laufen zu verbessern. Lauf A-B-C, Kraftausdauertraining und ein Koordinatives Tempotraining sind Inhalt des Kurses. Dieser Kurs ist f\u00fcr L\u00e4ufer geeignet, die 2-5x pro Woche trainieren und 60 Min. ohne Pause durchlaufen. Schwerpunkt:<strong> Koordination und Athletik<\/strong><\/p>\r\n<ul>\r\n<li><strong>Termin: Montags:<\/strong>\u00a0 1.6.-8.7.\u00a0 von 19.30-21 Uhr (8 Termine &#8211; Kurs 26-24 &#8211; 64 Euro) <br \/><br \/><\/li>\r\n<\/ul>\r\n<p><strong>TrainerInnen:<\/strong> Tina &amp; Finn Bertow<br \/><strong>Treffpunkt:<\/strong> Alte W\u00f6hr &#8211; Ecke Saarladstr.<br \/><a href=\"https:\/\/www.hamburger-laufladen.de\/wordpress\/kursprogramm\/anmeldung\/\">&gt;&gt;&gt;Zur Anmeldung<\/a><\/p>\r\n<p><strong>Tempo-Technik-Training (<\/strong>ehemals\u00a0Tempotraining und Lauftechnik)<strong><br \/><\/strong>Du m\u00f6chtest deinen Laufstil optimieren? Du m\u00f6chtest schneller und ausdauernder werden? <br \/>Dieser Kurs ist f\u00fcr L\u00e4ufer geeignet, die 2-5x pro Woche trainieren und 60 Min. ohne Pause durchlaufen. Es erwartet dich ein effektives Koordinations- und Intervalltraining in spielerischer Form. Lauf ABC, Kr\u00e4ftigungs\u00fcbungen und Dehnen runden den Kurs ab. Schwerpunkt: <strong>Tempotraining<\/strong><\/p>\r\n<ul>\r\n<li><strong>Donnerstags:<\/strong> 28.5.-23.7. von\u00a0 19.30 \u2013 21 Uhr (9 Termine &#8211; Kurs 26-25 &#8211; 72 Euro)<br \/><br \/><\/li>\r\n<\/ul>\r\n<p><strong>TrainerInnen: <\/strong>Tina &amp; Finn Bertow<br \/><strong>Treffpunkt:<\/strong> Alte W\u00f6hr &#8211; Ecke Saarladstr.<br \/><a href=\"https:\/\/www.hamburger-laufladen.de\/wordpress\/kursprogramm\/anmeldung\/\">&gt;&gt;&gt;Zur Anmeldung<\/a><strong><a name=\"cr\"><\/a><\/strong><\/p>\r\n<p><strong><a name=\"core\"><\/a><\/strong><\/p>\r\n<p><strong>Running &amp; Core <br \/><\/strong>Der Kurs beinhaltet Laufen und Eigengewichtstraining draussen! Einlaufen draussen, Kraft draussen, Intervalle draussen und also Cooldown noch 20 Minuten Situps und Planks draussen. So k\u00f6nnte beispielsweise das Training aussehen. Oder 5km laufen und alle 500m eine Kraft\u00fcbung. Voraussetzung: Du solltest 30 Minuten durchlaufen k\u00f6nnen. Tempo ist dabei egal!<\/p>\r\n<ul>\r\n<li><strong>Dienstag: <\/strong>19.5.-7.7. von 18.30-19.30 Uhr (8 Termine &#8211; Kurs 26-26 &#8211; 80 Euro)\u00a0<br \/><br \/><\/li>\r\n<\/ul>\r\n<p><strong>Trainer:<\/strong> Nils Obermann, Sportwissenschaftler<br \/><strong>Treffpunkt: <\/strong>VOR dem Hamburger Laufladen &#8211; Ohlsdorfer Str. 60<br \/><a href=\"https:\/\/www.hamburger-laufladen.de\/wordpress\/kursprogramm\/anmeldung\/\">&gt;&gt;&gt;Zur Anmeldung<\/a><\/p>\r\n<p><!-- \/wp:heading -->\r\n\r\n<!-- wp:paragraph --><\/p>\r\n<h6>#############################################<\/h6>\r\n<p><em id=\"kk\">* Unsere Laufanf\u00e4ngerkurse sind durch die zentrale Pr\u00fcfstelle Pr\u00e4vention zertifiziert und somit auch bei den Krankenkassen erstattungsf\u00e4hig. Am Ende des Kurses gibt es eine Teilnahmebescheinigung, die eingereicht werden kann. Daraufhin bekommt man 80-100% der Kursgeb\u00fchr zur\u00fcck. Es darf einmal gefehlt werden.<\/em><\/p>\r\n<!-- \/wp:paragraph -->","protected":false},"excerpt":{"rendered":"<p>\u00a0Wo die Kurse starten, steht bei dem jeweiligen Kurs.Veranstalter ist der Hamburger Laufladen e.V. Sparda Bank HamburgJens Gauger \/ Hamburger Laufladen e.V.IBAN: DE80 2069 0500 0004 2058 98 BIC: GENODEF1S11 Zahlung per Paypal ist auch m\u00f6glich. Siehe www.hamburger-laufladen.de\/anmeldung &#8211; Ohne Anmeldung und Bezahlung ist keine Teilnahme m\u00f6glich. &#8211; Die Bezahlung muss bis Donnerstag vor Kursstart &hellip; <\/p>\n<p><a class=\"more-link btn\" href=\"https:\/\/www.hamburger-laufladen.de\/wordpress\/kursprogramm\/\">Weiterlesen<\/a><\/p>\n","protected":false},"author":1,"featured_media":0,"parent":0,"menu_order":0,"comment_status":"closed","ping_status":"closed","template":"","meta":{"footnotes":""},"class_list":["post-19","page","type-page","status-publish","hentry","nodate","item-wrap"],"_links":{"self":[{"href":"https:\/\/www.hamburger-laufladen.de\/wordpress\/wp-json\/wp\/v2\/pages\/19","targetHints":{"allow":["GET"]}}],"collection":[{"href":"https:\/\/www.hamburger-laufladen.de\/wordpress\/wp-json\/wp\/v2\/pages"}],"about":[{"href":"https:\/\/www.hamburger-laufladen.de\/wordpress\/wp-json\/wp\/v2\/types\/page"}],"author":[{"embeddable":true,"href":"https:\/\/www.hamburger-laufladen.de\/wordpress\/wp-json\/wp\/v2\/users\/1"}],"replies":[{"embeddable":true,"href":"https:\/\/www.hamburger-laufladen.de\/wordpress\/wp-json\/wp\/v2\/comments?post=19"}],"version-history":[{"count":1170,"href":"https:\/\/www.hamburger-laufladen.de\/wordpress\/wp-json\/wp\/v2\/pages\/19\/revisions"}],"predecessor-version":[{"id":21501,"href":"https:\/\/www.hamburger-laufladen.de\/wordpress\/wp-json\/wp\/v2\/pages\/19\/revisions\/21501"}],"wp:attachment":[{"href":"https:\/\/www.hamburger-laufladen.de\/wordpress\/wp-json\/wp\/v2\/media?parent=19"}],"curies":[{"name":"wp","href":"https:\/\/api.w.org\/{rel}","templated":true}]}}