{"id":2082,"date":"2019-09-02T14:32:55","date_gmt":"2019-09-02T12:32:55","guid":{"rendered":"http:\/\/www.hamburger-laufladen.de\/wordpress\/?page_id=2082"},"modified":"2021-09-10T14:00:28","modified_gmt":"2021-09-10T12:00:28","slug":"sportbekleidung-richtig-waschen","status":"publish","type":"page","link":"https:\/\/www.hamburger-laufladen.de\/wordpress\/service-2\/sportbekleidung-richtig-waschen\/","title":{"rendered":"Sportbekleidung richtig waschen"},"content":{"rendered":"<div id=\"fb-root\"><\/div>\n\r\n<p>Wie und wie oft w\u00e4scht frau\/mann eigentlich Sportsachen?<\/p>\r\n\r\n\r\n\r\n<ul class=\"wp-block-list\">\r\n<li>Nach jedem Tragen! Die Salze, die ihr ausschwitzt sind agressiver als jedes Waschmittel.<\/li>\r\n<li>Alles was ihr zum Sport tragt, kann bei 30 oder 40 Grad mit Feinwaschmittel gewaschen werden. Ein Sportwaschmittel kann genutz werden, muss aber nicht.<\/li>\r\n<li>Kein Weichsp\u00fchler verwenden. Er verringert die Atmungsaktivit\u00e4t, da er die Pohren verstopft.<\/li>\r\n<li>Hygienesp\u00fcler k\u00f6nnt ihr verwenden, wenn die Sachen riechen.<\/li>\r\n<li>Bekleidung mit Membranen, wie GoreTex oder auch Laufregenjacken immer auf rechts, also mit der richtigen Seite nach aussen waschen, damit die membran nicht aufgeschruppt wird. Nachimpr\u00e4gnieren (nach ca 70-100 W\u00e4schen) kann man diese Sachen mit einem einfachen Impr\u00e4gnierspay aus dem Drogeriemarkt f\u00fcr 4 Euro.<\/li>\r\n<li>Sportsachen sollte man nicht in den Trockner werfen. Wenn doch, dann nur auf &#8222;warm&#8220; und daf\u00fcr l\u00e4nger.<\/li>\r\n<li>\u00a0<\/li>\r\n<\/ul>\r\n","protected":false},"excerpt":{"rendered":"<p>Wie und wie oft w\u00e4scht frau\/mann eigentlich Sportsachen? Nach jedem Tragen! Die Salze, die ihr ausschwitzt sind agressiver als jedes Waschmittel. Alles was ihr zum Sport tragt, kann bei 30 oder 40 Grad mit Feinwaschmittel gewaschen werden. Ein Sportwaschmittel kann genutz werden, muss aber nicht. Kein Weichsp\u00fchler verwenden. Er verringert die Atmungsaktivit\u00e4t, da er die &hellip; <\/p>\n<p><a class=\"more-link btn\" href=\"https:\/\/www.hamburger-laufladen.de\/wordpress\/service-2\/sportbekleidung-richtig-waschen\/\">Weiterlesen<\/a><\/p>\n","protected":false},"author":1,"featured_media":0,"parent":7372,"menu_order":0,"comment_status":"closed","ping_status":"closed","template":"","meta":{"footnotes":""},"class_list":["post-2082","page","type-page","status-publish","hentry","nodate","item-wrap"],"_links":{"self":[{"href":"https:\/\/www.hamburger-laufladen.de\/wordpress\/wp-json\/wp\/v2\/pages\/2082","targetHints":{"allow":["GET"]}}],"collection":[{"href":"https:\/\/www.hamburger-laufladen.de\/wordpress\/wp-json\/wp\/v2\/pages"}],"about":[{"href":"https:\/\/www.hamburger-laufladen.de\/wordpress\/wp-json\/wp\/v2\/types\/page"}],"author":[{"embeddable":true,"href":"https:\/\/www.hamburger-laufladen.de\/wordpress\/wp-json\/wp\/v2\/users\/1"}],"replies":[{"embeddable":true,"href":"https:\/\/www.hamburger-laufladen.de\/wordpress\/wp-json\/wp\/v2\/comments?post=2082"}],"version-history":[{"count":4,"href":"https:\/\/www.hamburger-laufladen.de\/wordpress\/wp-json\/wp\/v2\/pages\/2082\/revisions"}],"predecessor-version":[{"id":7374,"href":"https:\/\/www.hamburger-laufladen.de\/wordpress\/wp-json\/wp\/v2\/pages\/2082\/revisions\/7374"}],"up":[{"embeddable":true,"href":"https:\/\/www.hamburger-laufladen.de\/wordpress\/wp-json\/wp\/v2\/pages\/7372"}],"wp:attachment":[{"href":"https:\/\/www.hamburger-laufladen.de\/wordpress\/wp-json\/wp\/v2\/media?parent=2082"}],"curies":[{"name":"wp","href":"https:\/\/api.w.org\/{rel}","templated":true}]}}