{"id":21220,"date":"2024-12-20T18:46:48","date_gmt":"2024-12-20T16:46:48","guid":{"rendered":"https:\/\/www.hamburger-laufladen.de\/wordpress\/?page_id=21220"},"modified":"2026-04-19T11:23:59","modified_gmt":"2026-04-19T09:23:59","slug":"jobs","status":"publish","type":"page","link":"https:\/\/www.hamburger-laufladen.de\/wordpress\/jobs\/","title":{"rendered":"Jobs"},"content":{"rendered":"<div id=\"fb-root\"><\/div>\n<h2>Laufschuhverk\u00e4ufer*in (m\/w\/d) ab sofort gesucht!<\/h2>\n<p><span style=\"font-family: Arial, sans-serif;\"><span style=\"font-size: medium;\">Wir suchen einen Mitarbeiter*in von 20 Stunden bis Vollzeit!<\/span><\/span><\/p>\n<p><span style=\"font-family: Arial, sans-serif;\"><span style=\"font-size: medium;\">Voraussetzung: Laufen und Sport ist f\u00fcr Dich mehr als nur ein Hobby. Vielleicht bist Du ein Laufschuhnerd, l\u00e4ufst jeden Sonntag einen anderen Wettkampf oder aber bist einfach nur gelangweilt von Deinem alten Job. Du kannst lesen und schreiben und der Umgang mit Computern ist gewohnt und normal. Quereinsteiger sind willkommen. <\/span><\/span><\/p>\n<p><span style=\"font-family: Arial, sans-serif;\"><span style=\"font-size: medium;\">Du bist ansonsten ein freundlicher Mensch, und kannst kunden- und serviceorientiert arbeiten. <\/span><\/span><\/p>\n<p><span style=\"font-family: Arial, sans-serif;\"><span style=\"font-size: medium;\">Wir bieten: ein sportliches Umfeld, nette Kollegen*innen, Wissen \u00fcbers Laufen und \u00fcber alles, was man dazu braucht sowie viel Verst\u00e4ndnis und F\u00f6rderung Deines eigenen Trainings. <\/span><\/span><\/p>\n<p><span style=\"font-family: Arial, sans-serif;\"><span style=\"font-size: medium;\">Wenn Dich die Stellenanzeige anspricht, komm vorbei oder schick uns eine Mail an: <a href=\"mailto:jens@hamburger-laufladen.de\">jens@hamburger-laufladen.de<\/a><\/span><\/span><\/p>\n<p><span style=\"font-family: Arial, sans-serif;\"><span style=\"font-size: medium;\">Klassische Bewerbungsunterlagen sind nicht notwendig, aber 3 S\u00e4tze, warum Du bei uns arbeiten m\u00f6chtest und was Du bisher gemacht hast, w\u00e4ren super.<\/span><\/span><\/p>\n<p>&nbsp;<\/p>\n<p><span style=\"font-family: Arial, sans-serif;\"><span style=\"font-size: medium;\">(Bitte teilen! &#8211; F\u00fcr eine erfolgreiche Vermittlung aus eurem Bekanntenkreis gibt es ein Paar Laufschuhe als Dankesch\u00f6n.)<\/span><\/span><\/p>\n","protected":false},"excerpt":{"rendered":"<p>Laufschuhverk\u00e4ufer*in (m\/w\/d) ab sofort gesucht! Wir suchen einen Mitarbeiter*in von 20 Stunden bis Vollzeit! Voraussetzung: Laufen und Sport ist f\u00fcr Dich mehr als nur ein Hobby. Vielleicht bist Du ein Laufschuhnerd, l\u00e4ufst jeden Sonntag einen anderen Wettkampf oder aber bist einfach nur gelangweilt von Deinem alten Job. Du kannst lesen und schreiben und der Umgang &hellip; <\/p>\n<p><a class=\"more-link btn\" href=\"https:\/\/www.hamburger-laufladen.de\/wordpress\/jobs\/\">Weiterlesen<\/a><\/p>\n","protected":false},"author":1,"featured_media":0,"parent":0,"menu_order":0,"comment_status":"closed","ping_status":"closed","template":"","meta":{"footnotes":""},"class_list":["post-21220","page","type-page","status-publish","hentry","nodate","item-wrap"],"_links":{"self":[{"href":"https:\/\/www.hamburger-laufladen.de\/wordpress\/wp-json\/wp\/v2\/pages\/21220","targetHints":{"allow":["GET"]}}],"collection":[{"href":"https:\/\/www.hamburger-laufladen.de\/wordpress\/wp-json\/wp\/v2\/pages"}],"about":[{"href":"https:\/\/www.hamburger-laufladen.de\/wordpress\/wp-json\/wp\/v2\/types\/page"}],"author":[{"embeddable":true,"href":"https:\/\/www.hamburger-laufladen.de\/wordpress\/wp-json\/wp\/v2\/users\/1"}],"replies":[{"embeddable":true,"href":"https:\/\/www.hamburger-laufladen.de\/wordpress\/wp-json\/wp\/v2\/comments?post=21220"}],"version-history":[{"count":3,"href":"https:\/\/www.hamburger-laufladen.de\/wordpress\/wp-json\/wp\/v2\/pages\/21220\/revisions"}],"predecessor-version":[{"id":21302,"href":"https:\/\/www.hamburger-laufladen.de\/wordpress\/wp-json\/wp\/v2\/pages\/21220\/revisions\/21302"}],"wp:attachment":[{"href":"https:\/\/www.hamburger-laufladen.de\/wordpress\/wp-json\/wp\/v2\/media?parent=21220"}],"curies":[{"name":"wp","href":"https:\/\/api.w.org\/{rel}","templated":true}]}}