{"id":28,"date":"2014-12-01T20:46:20","date_gmt":"2014-12-01T18:46:20","guid":{"rendered":"http:\/\/www.hamburger-laufladen.de\/wordpress\/?page_id=28"},"modified":"2025-02-13T12:15:09","modified_gmt":"2025-02-13T10:15:09","slug":"verein","status":"publish","type":"page","link":"https:\/\/www.hamburger-laufladen.de\/wordpress\/verein\/","title":{"rendered":"Leistungssport im Verein"},"content":{"rendered":"<div id=\"fb-root\"><\/div>\n<div class=\"csc-header csc-header-n1\">\n<h2 class=\"csc-firstHeader\">Die Trainingsgruppe des Hamburger Laufladen e.V.:<\/h2>\n<\/div>\n<div class=\"csc-textpic-text\">\n<p class=\"bodytext\">Hier sind Frauen und M\u00e4nner willkommen, die Lust auf Leistungssport haben, also mehr als 5 mal w\u00f6chentlich trainieren und Meisterschaften absolvieren wollen. L\u00e4ufst Du die 10 km unter 38 min. (M\u00e4nner) bzw. unter 44 min. (Frauen),<br \/>\nbist Du hier genau richtig. Das Alter spielt keine Rolle. Trainiert wird am Mittwoch oder Freitag.<\/p>\n<p class=\"bodytext\">Mehr Infos gibt es bei Jens Gauger, 1. Vorsitzender des Hamburger Laufladen e.V.:<a href=\"mailto:jens@hamburger-laufladen.de\"><em> jens@hamburger-laufladen.de<\/em><\/a><\/p>\n<\/div>\n<p>Der <strong>Hamburger Laufladen e.V.<\/strong> ist ein gemeinn\u00fctziger Verein. Er ist auch der Veranstalter von unseren Kursen.<\/p>\n<div class=\"csc-textpic-text\">\n<p>&nbsp;<\/p>\n<\/div>\n","protected":false},"excerpt":{"rendered":"<p>Die Trainingsgruppe des Hamburger Laufladen e.V.: Hier sind Frauen und M\u00e4nner willkommen, die Lust auf Leistungssport haben, also mehr als 5 mal w\u00f6chentlich trainieren und Meisterschaften absolvieren wollen. L\u00e4ufst Du die 10 km unter 38 min. (M\u00e4nner) bzw. unter 44 min. (Frauen), bist Du hier genau richtig. Das Alter spielt keine Rolle. Trainiert wird am &hellip; <\/p>\n<p><a class=\"more-link btn\" href=\"https:\/\/www.hamburger-laufladen.de\/wordpress\/verein\/\">Weiterlesen<\/a><\/p>\n","protected":false},"author":1,"featured_media":0,"parent":0,"menu_order":2,"comment_status":"closed","ping_status":"closed","template":"","meta":{"footnotes":""},"class_list":["post-28","page","type-page","status-publish","hentry","nodate","item-wrap"],"_links":{"self":[{"href":"https:\/\/www.hamburger-laufladen.de\/wordpress\/wp-json\/wp\/v2\/pages\/28","targetHints":{"allow":["GET"]}}],"collection":[{"href":"https:\/\/www.hamburger-laufladen.de\/wordpress\/wp-json\/wp\/v2\/pages"}],"about":[{"href":"https:\/\/www.hamburger-laufladen.de\/wordpress\/wp-json\/wp\/v2\/types\/page"}],"author":[{"embeddable":true,"href":"https:\/\/www.hamburger-laufladen.de\/wordpress\/wp-json\/wp\/v2\/users\/1"}],"replies":[{"embeddable":true,"href":"https:\/\/www.hamburger-laufladen.de\/wordpress\/wp-json\/wp\/v2\/comments?post=28"}],"version-history":[{"count":18,"href":"https:\/\/www.hamburger-laufladen.de\/wordpress\/wp-json\/wp\/v2\/pages\/28\/revisions"}],"predecessor-version":[{"id":21281,"href":"https:\/\/www.hamburger-laufladen.de\/wordpress\/wp-json\/wp\/v2\/pages\/28\/revisions\/21281"}],"wp:attachment":[{"href":"https:\/\/www.hamburger-laufladen.de\/wordpress\/wp-json\/wp\/v2\/media?parent=28"}],"curies":[{"name":"wp","href":"https:\/\/api.w.org\/{rel}","templated":true}]}}