{"id":52,"date":"2014-12-01T21:34:02","date_gmt":"2014-12-01T19:34:02","guid":{"rendered":"http:\/\/www.hamburger-laufladen.de\/wordpress\/?page_id=52"},"modified":"2026-04-17T17:31:32","modified_gmt":"2026-04-17T15:31:32","slug":"anmeldung","status":"publish","type":"page","link":"https:\/\/www.hamburger-laufladen.de\/wordpress\/kursprogramm\/anmeldung\/","title":{"rendered":"Anmeldung"},"content":{"rendered":"<div id=\"fb-root\"><\/div>\n<div class=\"csc-header csc-header-n1\">\n<h3 class=\"csc-firstHeader\"><strong>Du m\u00f6chtest Dich f\u00fcr einen Kurs anmelden? <\/strong><strong>Dann mal los! <\/strong><\/h3>\n<h3 class=\"csc-firstHeader\"><strong>Bitte IMMER das Formular ausf\u00fcllen UND abschicken. Dann erst Paypal dr\u00fccken.<br \/>\n<\/strong><\/h3>\n<\/div>\n<div class=\"csc-textpic csc-textpic-intext-right\">\n<div class=\"csc-textpic-text\">\n<p>Schick uns per Formular Deine Kursanmeldung (oder die Anmeldung zum Workshop oder Vortrag) oder Deine Fragen zu einem Kurs. Die Anmeldung ist damit verbindlich.<\/p>\n<p align=\"LEFT\"><span lang=\"de-DE\">&#8211; Ohne Anmeldung und Bezahlung ist keine Teilnahme m\u00f6glich.<br \/>\n&#8211; Die Bezahlung muss bis Donnerstag vor Kursstart bei uns sein. Auf dem Konto oder bei Paypal.<br \/>\n&#8211; Stornierungen mit voller Erstattung der Kursgeb\u00fchr sind bis 10 Tage vor Kursbeginn m\u00f6glich.<br \/>\n&#8211; Eine R\u00fcckerstattung der Kursgeb\u00fchr ist nach Beginn des Kurses nicht m\u00f6glich.<br \/>\n&#8211; Einzelne Kurstermine werden nicht erstattet.<br \/>\n&#8211; Der Nachz\u00fcglerpreis gilt ab Freitag vor Kurstart. Ausnahme &#8222;Laufanf\u00e4nger&#8220; hier gibt es keine Nachz\u00fcgler, sondern nur einen Preis. \ud83d\ude42 <\/span><\/p>\n<h3 class=\"western\" align=\"LEFT\"><span style=\"font-size: large;\"><span style=\"color: #000000;\"><span style=\"font-family: Arial, sans-serif;\"><span lang=\"de-DE\"><b>Die Kurse finden nicht an Feiertagen statt!<\/b><\/span><\/span><\/span><\/span><\/h3>\n<\/div>\n<p class=\"bodytext\"><strong>Bezahlen:\u00a0<\/strong> per Paypal oder \u00dcberweisung bezahlen.<strong><a href=\"http:\/\/www.hamburger-laufladen.de\/wordpress\/wp-content\/uploads\/2014\/12\/sparda.png\"><img loading=\"lazy\" decoding=\"async\" class=\"wp-image-1196 size-full aligncenter\" src=\"http:\/\/www.hamburger-laufladen.de\/wordpress\/wp-content\/uploads\/2014\/12\/sparda.png\" width=\"491\" height=\"88\" \/><\/a><\/strong><\/p>\n<p>Per<strong> Paypal<\/strong>. Button unten mit der richtigen Kursnummer raussuchen und anklicken. Du wirst dann auf die Paypalseite weitergeleitet.<\/p>\n<\/div>\n<div class=\"frm_forms  with_frm_style frm_style_formidable-style\" id=\"frm_form_5_container\" >\n<form enctype=\"multipart\/form-data\" method=\"post\" class=\"frm-show-form \" id=\"form_lzw6j\" >\n<div class=\"frm_form_fields \">\n<fieldset>\n<legend class=\"frm_screen_reader\">Kursanmeldung<\/legend>\r\n\r\n<div class=\"frm_fields_container\">\n<input type=\"hidden\" name=\"frm_action\" value=\"create\" \/>\n<input type=\"hidden\" name=\"form_id\" value=\"5\" \/>\n<input type=\"hidden\" name=\"frm_hide_fields_5\" id=\"frm_hide_fields_5\" value=\"\" \/>\n<input type=\"hidden\" name=\"form_key\" value=\"lzw6j\" \/>\n<input type=\"hidden\" name=\"item_meta[0]\" value=\"\" \/>\n<input type=\"hidden\" id=\"frm_submit_entry_5\" name=\"frm_submit_entry_5\" value=\"35020414ba\" \/><input type=\"hidden\" name=\"_wp_http_referer\" value=\"\/wordpress\/wp-json\/wp\/v2\/pages\/52\" \/><div id=\"frm_field_25_container\" class=\"frm_form_field form-field  frm_required_field frm_top_container\">\r\n    <label for=\"field_n1z5h\" class=\"frm_primary_label\">*Name\r\n        <span class=\"frm_required\">*<\/span>\r\n    <\/label>\r\n    <input type=\"text\" id=\"field_n1z5h\" name=\"item_meta[25]\" value=\"\"  data-reqmsg=\"Dieses Feld darf nicht leer sein.\" aria-required=\"true\" data-invmsg=\"Text ist ung\u00fcltig\" aria-invalid=\"false\"  \/>\r\n    \r\n    \r\n<\/div>\n<div id=\"frm_field_30_container\" class=\"frm_form_field form-field  frm_top_container\">\r\n    <label for=\"field_xwwej\" class=\"frm_primary_label\">Telefonnumer (wer mag )\r\n        <span class=\"frm_required\"><\/span>\r\n    <\/label>\r\n    <input type=\"text\" id=\"field_xwwej\" name=\"item_meta[30]\" value=\"\"  data-invmsg=\"Text ist ung\u00fcltig\" aria-invalid=\"false\"  \/>\r\n    \r\n    \r\n<\/div>\n<div id=\"frm_field_31_container\" class=\"frm_form_field form-field  frm_required_field frm_top_container\">\r\n    <label for=\"field_gy4yp\" class=\"frm_primary_label\">*E-Mail:\r\n        <span class=\"frm_required\">*<\/span>\r\n    <\/label>\r\n    <input type=\"email\" id=\"field_gy4yp\" name=\"item_meta[31]\" value=\"\"  data-reqmsg=\"Dieses Feld darf nicht leer sein.\" aria-required=\"true\" data-invmsg=\"E-Mail-Adresse: ist ung\u00fcltig\" aria-invalid=\"false\"  \/>\r\n    \r\n    \r\n<\/div>\n<div id=\"frm_field_28_container\" class=\"frm_form_field form-field  frm_required_field frm_top_container vertical_radio\">\r\n    <label for=\"field_ejntm\" class=\"frm_primary_label\">Wof\u00fcr m\u00f6chtes Du Dich anmelden?\r\n        <span class=\"frm_required\">*<\/span>\r\n    <\/label>\r\n    <div class=\"frm_opt_container\">\t\t<div class=\"frm_radio\" id=\"frm_radio_28-0\">\t\t\t<label  for=\"field_ejntm-0\">\n\t\t\t\t\t<input type=\"radio\" name=\"item_meta[28]\" id=\"field_ejntm-0\" value=\"Ich habe eine Frage!\"\n\t\t data-reqmsg=\"Dieses Feld darf nicht leer sein.\" data-invmsg=\"Wof\u00fcr m\u00f6chtes Du Dich anmelden? ist ung\u00fcltig\"   \/> Ich habe eine Frage!<\/label><\/div>\n\t\t<div class=\"frm_radio\" id=\"frm_radio_28-88\">\t\t\t<label  for=\"field_ejntm-88\">\n\t\t\t\t\t<input type=\"radio\" name=\"item_meta[28]\" id=\"field_ejntm-88\" value=\"Laufanf\u00e4nger (26-27 Start 19.5.)\"\n\t\t data-reqmsg=\"Dieses Feld darf nicht leer sein.\" data-invmsg=\"Wof\u00fcr m\u00f6chtes Du Dich anmelden? ist ung\u00fcltig\"   \/> Laufanf\u00e4nger (26-27 Start 19.5.)<\/label><\/div>\n\t\t<div class=\"frm_radio\" id=\"frm_radio_28-92\">\t\t\t<label  for=\"field_ejntm-92\">\n\t\t\t\t\t<input type=\"radio\" name=\"item_meta[28]\" id=\"field_ejntm-92\" value=\"Laufen2-Hase(26-23 Start 18.5.)\"\n\t\t data-reqmsg=\"Dieses Feld darf nicht leer sein.\" data-invmsg=\"Wof\u00fcr m\u00f6chtes Du Dich anmelden? ist ung\u00fcltig\"   \/> Laufen2-Hase(26-23 Start 18.5.)<\/label><\/div>\n\t\t<div class=\"frm_radio\" id=\"frm_radio_28-84\">\t\t\t<label  for=\"field_ejntm-84\">\n\t\t\t\t\t<input type=\"radio\" name=\"item_meta[28]\" id=\"field_ejntm-84\" value=\"Laufstil-Athletik-Training(26-24 Start 1.6.)\"\n\t\t data-reqmsg=\"Dieses Feld darf nicht leer sein.\" data-invmsg=\"Wof\u00fcr m\u00f6chtes Du Dich anmelden? ist ung\u00fcltig\"   \/> Laufstil-Athletik-Training(26-24 Start 1.6.)<\/label><\/div>\n\t\t<div class=\"frm_radio\" id=\"frm_radio_28-93\">\t\t\t<label  for=\"field_ejntm-93\">\n\t\t\t\t\t<input type=\"radio\" name=\"item_meta[28]\" id=\"field_ejntm-93\" value=\"Tempo-Technik-Training (26-25 Start 28.5.)\"\n\t\t data-reqmsg=\"Dieses Feld darf nicht leer sein.\" data-invmsg=\"Wof\u00fcr m\u00f6chtes Du Dich anmelden? ist ung\u00fcltig\"   \/> Tempo-Technik-Training (26-25 Start 28.5.)<\/label><\/div>\n\t\t<div class=\"frm_radio\" id=\"frm_radio_28-87\">\t\t\t<label  for=\"field_ejntm-87\">\n\t\t\t\t\t<input type=\"radio\" name=\"item_meta[28]\" id=\"field_ejntm-87\" value=\"Core &amp; Run (26-26 Start 19.5.)\"\n\t\t data-reqmsg=\"Dieses Feld darf nicht leer sein.\" data-invmsg=\"Wof\u00fcr m\u00f6chtes Du Dich anmelden? ist ung\u00fcltig\"   \/> Core &amp; Run (26-26 Start 19.5.)<\/label><\/div>\n<\/div>\r\n    \r\n    \r\n<\/div>\n<div id=\"frm_field_32_container\" class=\"frm_form_field form-field  frm_top_container\">\r\n    <label for=\"field_lqfao\" class=\"frm_primary_label\">Nachricht\r\n        <span class=\"frm_required\"><\/span>\r\n    <\/label>\r\n    <textarea name=\"item_meta[32]\" id=\"field_lqfao\"  data-invmsg=\"Nachricht ist ung\u00fcltig\" aria-invalid=\"false\"  ><\/textarea>\r\n    \r\n    \r\n<\/div>\n<div id=\"frm_field_71_container\" class=\"frm_form_field form-field \">\r\n\t<div class=\"frm_submit\">\r\n\r\n<button class=\"frm_button_submit\" type=\"submit\"  >Senden<\/button>\r\n\r\n<\/div>\r\n<\/div>\n\t<input type=\"hidden\" name=\"item_key\" value=\"\" \/>\n\t\t\t<div id=\"frm_field_102_container\">\n\t\t\t<label for=\"field_uz0oj\" >\n\t\t\t\tFalls Du menschlich bist, lasse dieses Feld leer.\t\t\t<\/label>\n\t\t\t<input  id=\"field_uz0oj\" type=\"text\" class=\"frm_form_field form-field frm_verify\" name=\"item_meta[102]\" value=\"\"  \/>\n\t\t<\/div>\n\t\t<input name=\"frm_state\" type=\"hidden\" value=\"0+6auT\/isrDa81MONSRz44dETzXfU15dbbNOLYNlPx8=\" \/><\/div>\n<\/fieldset>\n<\/div>\n\n<\/form>\n<\/div>\n\n<p><a href=\"http:\/\/www.hamburger-laufladen.de\/wordpress\/datenschutzerklaerung\/\">-&gt; zu unserer Datenschutzerkl\u00e4rung<\/a><\/p>\n<h2>Sofort bezahlen per Paypal<\/h2>\n<p><strong>Laufanf\u00e4nger &#8211;\u00a0 \/ Start 19.5<br \/>\n<\/strong><form class=\"nicepaypalbuttonlite\" action=\"https:\/\/www.paypal.com\/\/cgi-bin\/webscr\" method=\"post\" target=\"_blank\"><input type=\"hidden\" name=\"business\" value=\"kurse@hamburger-laufladen.de\" \/><input type=\"hidden\" name=\"cmd\" value=\"_xclick\" \/><input type=\"hidden\" name=\"item_name\" value=\"2627Anfaenger\" \/><input type=\"hidden\" name=\"amount\" value=\"90\" \/><input type=\"hidden\" name=\"currency_code\" value=\"EUR\" \/><input type=\"hidden\" name=\"lc\" value=\"DE\" \/><input type=\"image\" name=\"submit\" style=\"border: 0;\" src=\"https:\/\/www.paypal.com\/de_DE\/i\/btn\/btn_buynow_SM.gif\" alt=\"PayPal - The safer, easier way to pay online\" \/><\/form><\/p>\n<p><strong>Core &amp; Running \/ Start 19.5.<\/strong><br \/>\n<form class=\"nicepaypalbuttonlite\" action=\"https:\/\/www.paypal.com\/\/cgi-bin\/webscr\" method=\"post\" target=\"_blank\"><input type=\"hidden\" name=\"business\" value=\"kurse@hamburger-laufladen.de\" \/><input type=\"hidden\" name=\"cmd\" value=\"_xclick\" \/><input type=\"hidden\" name=\"item_name\" value=\"2616CoreRun-N\" \/><input type=\"hidden\" name=\"amount\" value=\"80\" \/><input type=\"hidden\" name=\"currency_code\" value=\"EUR\" \/><input type=\"hidden\" name=\"lc\" value=\"DE\" \/><input type=\"image\" name=\"submit\" style=\"border: 0;\" src=\"https:\/\/www.paypal.com\/de_DE\/i\/btn\/btn_buynow_SM.gif\" alt=\"PayPal - The safer, easier way to pay online\" \/><\/form><\/p>\n<p><strong>Laufstil-Athletik-Training \/ Start 1.6.<\/strong><br \/>\n<form class=\"nicepaypalbuttonlite\" action=\"https:\/\/www.paypal.com\/\/cgi-bin\/webscr\" method=\"post\" target=\"_blank\"><input type=\"hidden\" name=\"business\" value=\"kurse@hamburger-laufladen.de\" \/><input type=\"hidden\" name=\"cmd\" value=\"_xclick\" \/><input type=\"hidden\" name=\"item_name\" value=\"2624Athletik\" \/><input type=\"hidden\" name=\"amount\" value=\"64\" \/><input type=\"hidden\" name=\"currency_code\" value=\"EUR\" \/><input type=\"hidden\" name=\"lc\" value=\"DE\" \/><input type=\"image\" name=\"submit\" style=\"border: 0;\" src=\"https:\/\/www.paypal.com\/de_DE\/i\/btn\/btn_buynow_SM.gif\" alt=\"PayPal - The safer, easier way to pay online\" \/><\/form><\/p>\n<p><strong>Tempo-Technik-Training \/ Start 28.5.<\/strong><br \/>\n<form class=\"nicepaypalbuttonlite\" action=\"https:\/\/www.paypal.com\/\/cgi-bin\/webscr\" method=\"post\" target=\"_blank\"><input type=\"hidden\" name=\"business\" value=\"kurse@hamburger-laufladen.de\" \/><input type=\"hidden\" name=\"cmd\" value=\"_xclick\" \/><input type=\"hidden\" name=\"item_name\" value=\"2625Tempo\" \/><input type=\"hidden\" name=\"amount\" value=\"72\" \/><input type=\"hidden\" name=\"currency_code\" value=\"EUR\" \/><input type=\"hidden\" name=\"lc\" value=\"DE\" \/><input type=\"image\" name=\"submit\" style=\"border: 0;\" src=\"https:\/\/www.paypal.com\/de_DE\/i\/btn\/btn_buynow_SM.gif\" alt=\"PayPal - The safer, easier way to pay online\" \/><\/form><\/p>\n<p><strong>AUSGEBUCHT &#8211; Laufen 2 &#8211; Igel \/ Start 18.5.<br \/>\n<\/strong>\u00a0<form class=\"nicepaypalbuttonlite\" action=\"https:\/\/www.paypal.com\/\/cgi-bin\/webscr\" method=\"post\" target=\"_blank\"><input type=\"hidden\" name=\"business\" value=\"kurse@hamburger-laufladen.de\" \/><input type=\"hidden\" name=\"cmd\" value=\"_xclick\" \/><input type=\"hidden\" name=\"item_name\" value=\"2622Laufen2Igel\" \/><input type=\"hidden\" name=\"amount\" value=\"48\" \/><input type=\"hidden\" name=\"currency_code\" value=\"EUR\" \/><input type=\"hidden\" name=\"lc\" value=\"DE\" \/><input type=\"image\" name=\"submit\" style=\"border: 0;\" src=\"https:\/\/www.paypal.com\/de_DE\/i\/btn\/btn_buynow_SM.gif\" alt=\"PayPal - The safer, easier way to pay online\" \/><\/form><\/p>\n<p><strong>Laufen 2 &#8211; Hase\u00a0 \/ Start 18.5.<br \/>\n<\/strong><form class=\"nicepaypalbuttonlite\" action=\"https:\/\/www.paypal.com\/\/cgi-bin\/webscr\" method=\"post\" target=\"_blank\"><input type=\"hidden\" name=\"business\" value=\"kurse@hamburger-laufladen.de\" \/><input type=\"hidden\" name=\"cmd\" value=\"_xclick\" \/><input type=\"hidden\" name=\"item_name\" value=\"2623Laufen2Hase\" \/><input type=\"hidden\" name=\"amount\" value=\"48\" \/><input type=\"hidden\" name=\"currency_code\" value=\"EUR\" \/><input type=\"hidden\" name=\"lc\" value=\"DE\" \/><input type=\"image\" name=\"submit\" style=\"border: 0;\" src=\"https:\/\/www.paypal.com\/de_DE\/i\/btn\/btn_buynow_SM.gif\" alt=\"PayPal - The safer, easier way to pay online\" \/><\/form><\/p>\n<p>&nbsp;<\/p>\n","protected":false},"excerpt":{"rendered":"<p>Du m\u00f6chtest Dich f\u00fcr einen Kurs anmelden? Dann mal los! Bitte IMMER das Formular ausf\u00fcllen UND abschicken. Dann erst Paypal dr\u00fccken. Schick uns per Formular Deine Kursanmeldung (oder die Anmeldung zum Workshop oder Vortrag) oder Deine Fragen zu einem Kurs. Die Anmeldung ist damit verbindlich. &#8211; Ohne Anmeldung und Bezahlung ist keine Teilnahme m\u00f6glich. &#8211; &hellip; <\/p>\n<p><a class=\"more-link btn\" href=\"https:\/\/www.hamburger-laufladen.de\/wordpress\/kursprogramm\/anmeldung\/\">Weiterlesen<\/a><\/p>\n","protected":false},"author":1,"featured_media":1452,"parent":19,"menu_order":0,"comment_status":"closed","ping_status":"closed","template":"","meta":{"footnotes":""},"class_list":["post-52","page","type-page","status-publish","has-post-thumbnail","hentry","nodate","item-wrap"],"_links":{"self":[{"href":"https:\/\/www.hamburger-laufladen.de\/wordpress\/wp-json\/wp\/v2\/pages\/52","targetHints":{"allow":["GET"]}}],"collection":[{"href":"https:\/\/www.hamburger-laufladen.de\/wordpress\/wp-json\/wp\/v2\/pages"}],"about":[{"href":"https:\/\/www.hamburger-laufladen.de\/wordpress\/wp-json\/wp\/v2\/types\/page"}],"author":[{"embeddable":true,"href":"https:\/\/www.hamburger-laufladen.de\/wordpress\/wp-json\/wp\/v2\/users\/1"}],"replies":[{"embeddable":true,"href":"https:\/\/www.hamburger-laufladen.de\/wordpress\/wp-json\/wp\/v2\/comments?post=52"}],"version-history":[{"count":457,"href":"https:\/\/www.hamburger-laufladen.de\/wordpress\/wp-json\/wp\/v2\/pages\/52\/revisions"}],"predecessor-version":[{"id":21502,"href":"https:\/\/www.hamburger-laufladen.de\/wordpress\/wp-json\/wp\/v2\/pages\/52\/revisions\/21502"}],"up":[{"embeddable":true,"href":"https:\/\/www.hamburger-laufladen.de\/wordpress\/wp-json\/wp\/v2\/pages\/19"}],"wp:featuredmedia":[{"embeddable":true,"href":"https:\/\/www.hamburger-laufladen.de\/wordpress\/wp-json\/wp\/v2\/media\/1452"}],"wp:attachment":[{"href":"https:\/\/www.hamburger-laufladen.de\/wordpress\/wp-json\/wp\/v2\/media?parent=52"}],"curies":[{"name":"wp","href":"https:\/\/api.w.org\/{rel}","templated":true}]}}