{"id":80,"date":"2014-12-01T22:24:15","date_gmt":"2014-12-01T20:24:15","guid":{"rendered":"http:\/\/www.hamburger-laufladen.de\/wordpress\/?page_id=80"},"modified":"2026-03-26T16:10:34","modified_gmt":"2026-03-26T14:10:34","slug":"produktpalette","status":"publish","type":"page","link":"https:\/\/www.hamburger-laufladen.de\/wordpress\/produktpalette\/","title":{"rendered":"Produktpalette"},"content":{"rendered":"<div id=\"fb-root\"><\/div>\n<h2>Schuhe:<\/h2>\n<div>\n<p>Spezialspikes, Laufschuhe, Trailschuhe, Allroundspikes, Sprungspikes, Wettkampfschuhe, Carbonschuhe, Wurfschuhe, Kinderlaufschuhe, wasserfeste Laufschuhe und vor allem Laufschuhe, Laufschuhe und nochmal Laufschuhe. F\u00fcr Frauen, M\u00e4nner und auch f\u00fcr Kinder.<\/p>\n<p>Und das meiste davon von Gr\u00f6\u00dfe 30-50. Und noch mehr, falls durch uns bestellbar. Aber auch 27 und 54 sind am Lager.<\/p>\n<p>Wir machen auch individuelle Sonderbestellungen. Bsp. Kugelsto\u00dfspikes oder ein Laufschuh in Gr. US 17. Wie gesagt, was bestellbar ist, bestellen wir f\u00fcr dich oder suchen nach Alternativen, auch wenn es beim Hersteller nicht mehr zu bekommen ist.<\/p>\n<h2><a href=\"https:\/\/www.altrarunning.eu\/\"><img loading=\"lazy\" decoding=\"async\" class=\"wp-image-21144 alignnone\" src=\"https:\/\/www.hamburger-laufladen.de\/wordpress\/wp-content\/uploads\/2024\/09\/brand-logo-430-altra-running-shoes-22-09-bike24-1335048.png\" alt=\"\" width=\"100\" height=\"100\" srcset=\"https:\/\/www.hamburger-laufladen.de\/wordpress\/wp-content\/uploads\/2024\/09\/brand-logo-430-altra-running-shoes-22-09-bike24-1335048.png 430w, https:\/\/www.hamburger-laufladen.de\/wordpress\/wp-content\/uploads\/2024\/09\/brand-logo-430-altra-running-shoes-22-09-bike24-1335048-300x300.png 300w, https:\/\/www.hamburger-laufladen.de\/wordpress\/wp-content\/uploads\/2024\/09\/brand-logo-430-altra-running-shoes-22-09-bike24-1335048-150x150.png 150w\" sizes=\"auto, (max-width: 100px) 100vw, 100px\" \/><\/a>\u00a0<a href=\"http:\/\/www.hamburger-laufladen.de\/wordpress\/wp-content\/uploads\/2014\/12\/adidas.gif\"><img loading=\"lazy\" decoding=\"async\" class=\"alignnone size-full wp-image-580\" src=\"http:\/\/www.hamburger-laufladen.de\/wordpress\/wp-content\/uploads\/2014\/12\/adidas.gif\" alt=\"adidas\" width=\"100\" height=\"100\" \/><\/a> <a href=\"http:\/\/www.hamburger-laufladen.de\/wordpress\/wp-content\/uploads\/2014\/12\/asics.gif\"><img loading=\"lazy\" decoding=\"async\" class=\"alignnone size-full wp-image-581\" src=\"http:\/\/www.hamburger-laufladen.de\/wordpress\/wp-content\/uploads\/2014\/12\/asics.gif\" alt=\"asics\" width=\"100\" height=\"100\" \/><\/a> <a href=\"http:\/\/www.hamburger-laufladen.de\/wordpress\/wp-content\/uploads\/2014\/12\/brooks.gif\"><img loading=\"lazy\" decoding=\"async\" class=\"alignnone size-full wp-image-582\" src=\"http:\/\/www.hamburger-laufladen.de\/wordpress\/wp-content\/uploads\/2014\/12\/brooks.gif\" alt=\"brooks\" width=\"100\" height=\"100\" \/><\/a>\u00a0 <a href=\"http:\/\/www.hamburger-laufladen.de\/wordpress\/wp-content\/uploads\/2014\/12\/newbalance.jpg\"><img loading=\"lazy\" decoding=\"async\" class=\"alignnone size-full wp-image-596\" src=\"http:\/\/www.hamburger-laufladen.de\/wordpress\/wp-content\/uploads\/2014\/12\/newbalance.jpg\" alt=\"newbalance\" width=\"100\" height=\"100\" \/><\/a> \u00a0<a href=\"http:\/\/www.hamburger-laufladen.de\/wordpress\/wp-content\/uploads\/2014\/12\/saucony.gif\"><img loading=\"lazy\" decoding=\"async\" class=\"alignnone size-full wp-image-606\" src=\"http:\/\/www.hamburger-laufladen.de\/wordpress\/wp-content\/uploads\/2014\/12\/saucony.gif\" alt=\"saucony\" width=\"100\" height=\"100\" \/><\/a><a href=\"https:\/\/www.hamburger-laufladen.de\/wordpress\/wp-content\/uploads\/2022\/08\/50_jahre_puma_logo_so_entstand_die_weltberuehmte_raubkatze4_gross.jpg\"><img loading=\"lazy\" decoding=\"async\" class=\"wp-image-15444 alignnone\" src=\"https:\/\/www.hamburger-laufladen.de\/wordpress\/wp-content\/uploads\/2022\/08\/50_jahre_puma_logo_so_entstand_die_weltberuehmte_raubkatze4_gross.jpg\" alt=\"\" width=\"100\" height=\"56\" srcset=\"https:\/\/www.hamburger-laufladen.de\/wordpress\/wp-content\/uploads\/2022\/08\/50_jahre_puma_logo_so_entstand_die_weltberuehmte_raubkatze4_gross.jpg 1200w, https:\/\/www.hamburger-laufladen.de\/wordpress\/wp-content\/uploads\/2022\/08\/50_jahre_puma_logo_so_entstand_die_weltberuehmte_raubkatze4_gross-300x169.jpg 300w, https:\/\/www.hamburger-laufladen.de\/wordpress\/wp-content\/uploads\/2022\/08\/50_jahre_puma_logo_so_entstand_die_weltberuehmte_raubkatze4_gross-1024x576.jpg 1024w, https:\/\/www.hamburger-laufladen.de\/wordpress\/wp-content\/uploads\/2022\/08\/50_jahre_puma_logo_so_entstand_die_weltberuehmte_raubkatze4_gross-768x432.jpg 768w\" sizes=\"auto, (max-width: 100px) 100vw, 100px\" \/><\/a><a href=\"http:\/\/www.hamburger-laufladen.de\/wordpress\/wp-content\/uploads\/2019\/06\/true-motion.jpg\"><img loading=\"lazy\" decoding=\"async\" class=\"alignnone wp-image-2017\" src=\"http:\/\/www.hamburger-laufladen.de\/wordpress\/wp-content\/uploads\/2019\/06\/true-motion-150x150.jpg\" alt=\"\" width=\"100\" height=\"100\" \/><\/a><\/h2>\n<p>&nbsp;<\/p>\n<h2>Spikes:<\/h2>\n<p>Wir haben nicht alles und nicht in jeder Gr\u00f6\u00dfe da, aber wir bem\u00fchen uns etwas zum anprobieren im Lager zu haben. Wenn nicht bestellen wir Spezialspikes f\u00fcr Dich.\u00a0 Folgende Kategorien an Spikes sind am Lager:<\/p>\n<ul>\n<li>Kinderspikes ab 31<\/li>\n<li>Allroundspikes 31-49<\/li>\n<li>Mittelstreckenspikes<\/li>\n<li>Langstreckenspikes<\/li>\n<li>Crossspikes<\/li>\n<li>Hochsprungspikes<\/li>\n<li>Weitsprungspikes<\/li>\n<li>Speerspikes<\/li>\n<li>Wurfschuhe: Diskusschuhe, Hammerwurfschuhe, Kugelsto\u00dfschuhe<\/li>\n<li>Sprintspikes mit fester Platte und mit etwas mehr Komfort<\/li>\n<li>N\u00e4gel von 6-18mm<\/li>\n<li>Spikeschl\u00fcssel<\/li>\n<\/ul>\n<h2><a href=\"http:\/\/www.hamburger-laufladen.de\/wordpress\/wp-content\/uploads\/2014\/12\/asics.gif\"><img loading=\"lazy\" decoding=\"async\" class=\"alignnone size-full wp-image-581\" src=\"http:\/\/www.hamburger-laufladen.de\/wordpress\/wp-content\/uploads\/2014\/12\/asics.gif\" alt=\"asics\" width=\"100\" height=\"100\" \/><\/a><a href=\"http:\/\/www.hamburger-laufladen.de\/wordpress\/wp-content\/uploads\/2014\/12\/adidas.gif\"><img loading=\"lazy\" decoding=\"async\" class=\"alignnone size-full wp-image-580\" src=\"http:\/\/www.hamburger-laufladen.de\/wordpress\/wp-content\/uploads\/2014\/12\/adidas.gif\" alt=\"adidas\" width=\"100\" height=\"100\" \/><\/a><a href=\"http:\/\/www.hamburger-laufladen.de\/wordpress\/wp-content\/uploads\/2014\/12\/brooks.gif\"><img loading=\"lazy\" decoding=\"async\" class=\"alignnone size-full wp-image-582\" src=\"http:\/\/www.hamburger-laufladen.de\/wordpress\/wp-content\/uploads\/2014\/12\/brooks.gif\" alt=\"brooks\" width=\"100\" height=\"100\" \/><\/a><\/h2>\n<h2><a href=\"https:\/\/www.hamburger-laufladen.de\/wordpress\/wp-content\/uploads\/2022\/08\/50_jahre_puma_logo_so_entstand_die_weltberuehmte_raubkatze4_gross.jpg\"><img loading=\"lazy\" decoding=\"async\" class=\"wp-image-15444 alignnone\" src=\"https:\/\/www.hamburger-laufladen.de\/wordpress\/wp-content\/uploads\/2022\/08\/50_jahre_puma_logo_so_entstand_die_weltberuehmte_raubkatze4_gross.jpg\" alt=\"\" width=\"100\" height=\"56\" srcset=\"https:\/\/www.hamburger-laufladen.de\/wordpress\/wp-content\/uploads\/2022\/08\/50_jahre_puma_logo_so_entstand_die_weltberuehmte_raubkatze4_gross.jpg 1200w, https:\/\/www.hamburger-laufladen.de\/wordpress\/wp-content\/uploads\/2022\/08\/50_jahre_puma_logo_so_entstand_die_weltberuehmte_raubkatze4_gross-300x169.jpg 300w, https:\/\/www.hamburger-laufladen.de\/wordpress\/wp-content\/uploads\/2022\/08\/50_jahre_puma_logo_so_entstand_die_weltberuehmte_raubkatze4_gross-1024x576.jpg 1024w, https:\/\/www.hamburger-laufladen.de\/wordpress\/wp-content\/uploads\/2022\/08\/50_jahre_puma_logo_so_entstand_die_weltberuehmte_raubkatze4_gross-768x432.jpg 768w\" sizes=\"auto, (max-width: 100px) 100vw, 100px\" \/><\/a><\/h2>\n<h2>Bekleidung:<\/h2>\n<p>Alles, was das L\u00e4uferinnen- und L\u00e4ufer- und auch das Kinderherz begehrt\u00a0 wirst du bei uns finden. Regen, Schnee und Hitze stellen lediglich Anforderungen an die Bekleidung, sind ja aber kein Grund nicht laufen zu gehen. Kompressionsbekleidung\/ -Str\u00fcmpfe f\u00fchren wir von CEP und von Skins.<\/p>\n<h2>\u00a0<a href=\"http:\/\/www.hamburger-laufladen.de\/wordpress\/wp-content\/uploads\/2014\/12\/adidas.gif\"><img loading=\"lazy\" decoding=\"async\" class=\"alignnone size-full wp-image-580\" src=\"http:\/\/www.hamburger-laufladen.de\/wordpress\/wp-content\/uploads\/2014\/12\/adidas.gif\" alt=\"adidas\" width=\"100\" height=\"100\" \/><\/a> <a href=\"http:\/\/www.hamburger-laufladen.de\/wordpress\/wp-content\/uploads\/2014\/12\/asics.gif\"><img loading=\"lazy\" decoding=\"async\" class=\"alignnone size-full wp-image-581\" src=\"http:\/\/www.hamburger-laufladen.de\/wordpress\/wp-content\/uploads\/2014\/12\/asics.gif\" alt=\"asics\" width=\"100\" height=\"100\" \/><\/a>\u00a0 <a href=\"http:\/\/www.hamburger-laufladen.de\/wordpress\/wp-content\/uploads\/2014\/12\/cep.gif\"><img loading=\"lazy\" decoding=\"async\" class=\"alignnone size-full wp-image-584\" src=\"http:\/\/www.hamburger-laufladen.de\/wordpress\/wp-content\/uploads\/2014\/12\/cep.gif\" alt=\"cep\" width=\"100\" height=\"100\" \/><\/a>\u00a0\u00a0<a href=\"https:\/\/fusionworld.com\/home-de.aspx\"><img loading=\"lazy\" decoding=\"async\" class=\"alignright wp-image-1774\" src=\"http:\/\/www.hamburger-laufladen.de\/wordpress\/wp-content\/uploads\/2018\/09\/Fusion_logo_black_RGB-150x104.png\" alt=\"\" width=\"100\" height=\"21\" srcset=\"https:\/\/www.hamburger-laufladen.de\/wordpress\/wp-content\/uploads\/2018\/09\/Fusion_logo_black_RGB-300x62.png 300w, https:\/\/www.hamburger-laufladen.de\/wordpress\/wp-content\/uploads\/2018\/09\/Fusion_logo_black_RGB.png 500w\" sizes=\"auto, (max-width: 100px) 100vw, 100px\" \/><\/a>\u00a0 <a href=\"http:\/\/www.hamburger-laufladen.de\/wordpress\/wp-content\/uploads\/2014\/12\/gore.gif\"><img loading=\"lazy\" decoding=\"async\" class=\"alignnone size-full wp-image-589\" src=\"http:\/\/www.hamburger-laufladen.de\/wordpress\/wp-content\/uploads\/2014\/12\/gore.gif\" alt=\"gore\" width=\"100\" height=\"100\" \/><\/a> <a href=\"http:\/\/www.hamburger-laufladen.de\/wordpress\/wp-content\/uploads\/2014\/12\/kossmann1001.jpg\"><img loading=\"lazy\" decoding=\"async\" class=\"alignnone size-full wp-image-592\" src=\"http:\/\/www.hamburger-laufladen.de\/wordpress\/wp-content\/uploads\/2014\/12\/kossmann1001.jpg\" alt=\"kossmann100\" width=\"100\" height=\"100\" \/><\/a>\u00a0\u00a0 <a href=\"http:\/\/www.hamburger-laufladen.de\/wordpress\/wp-content\/uploads\/2014\/12\/newline.gif\"><img loading=\"lazy\" decoding=\"async\" class=\"alignnone size-full wp-image-597\" src=\"http:\/\/www.hamburger-laufladen.de\/wordpress\/wp-content\/uploads\/2014\/12\/newline.gif\" alt=\"newline\" width=\"100\" height=\"100\" \/><\/a>\u00a0 <a href=\"http:\/\/www.hamburger-laufladen.de\/wordpress\/wp-content\/uploads\/2014\/12\/purelime.gif\"><img loading=\"lazy\" decoding=\"async\" class=\"alignnone size-full wp-image-604\" src=\"http:\/\/www.hamburger-laufladen.de\/wordpress\/wp-content\/uploads\/2014\/12\/purelime.gif\" alt=\"purelime\" width=\"100\" height=\"100\" \/><\/a><\/h2>\n<h2>Sportlernahrung und Nahrungserg\u00e4nzungsmittel:<\/h2>\n<p>Davor, dabei und danach &#8230;<br \/>\nessen muss man und wer Sport macht auch gezielt um mehr Leistung bringen zu k\u00f6nnen oder sich schneller zu erholen.\u00a0Ein Powerbar beim Halbmarathon oder 5 Gels auf den 42 Km und danach einen Refresher, damit man auch bald wieder laufen kann. Zudem kann der K\u00f6rper auch grunds\u00e4tzlich Unterst\u00fctzung gebrauchen. Ackerschachtelhalm, Chonsamin, Kollatin und Magnesium helfen dem K\u00f6rper Muskeln, Sehnen und B\u00e4nder optimal zu versorgen.<br \/>\n<a href=\"http:\/\/www.hamburger-laufladen.de\/wordpress\/wp-content\/uploads\/2014\/12\/high5.gif\"><img loading=\"lazy\" decoding=\"async\" class=\"alignnone size-full wp-image-591\" src=\"http:\/\/www.hamburger-laufladen.de\/wordpress\/wp-content\/uploads\/2014\/12\/high5.gif\" alt=\"high5\" width=\"100\" height=\"100\" \/><\/a><a href=\"http:\/\/www.hamburger-laufladen.de\/wordpress\/wp-content\/uploads\/2014\/12\/ultrasports.gif\"><img loading=\"lazy\" decoding=\"async\" class=\"alignnone size-full wp-image-609\" src=\"http:\/\/www.hamburger-laufladen.de\/wordpress\/wp-content\/uploads\/2014\/12\/ultrasports.gif\" alt=\"ultrasports\" width=\"100\" height=\"100\" \/><\/a><\/p>\n<h2>Dit &amp; Dat:<\/h2>\n<ul>\n<li>Schneeketten f\u00fcr Turnschuhe<\/li>\n<li>Sicherheitsreflektoren<\/li>\n<li>Stirnlampen<\/li>\n<li>Trinkwesten, Softflask-G\u00fcrtel<\/li>\n<li>Lauf-und Getr\u00e4nkerucks\u00e4cke<\/li>\n<li>Nordic-Walking-St\u00f6cke<\/li>\n<li>Sport-BHs<\/li>\n<li>Spiken\u00e4gel<\/li>\n<li>Laufsocken<\/li>\n<li>Armlinge<\/li>\n<li>Beinlinge<\/li>\n<li>M\u00fctzen, Caps<\/li>\n<li>Handschuhe<\/li>\n<\/ul>\n<h2>\u00a0<a href=\"http:\/\/www.hamburger-laufladen.de\/wordpress\/wp-content\/uploads\/2014\/12\/adidas.gif\"><img loading=\"lazy\" decoding=\"async\" class=\"alignnone size-full wp-image-580\" src=\"http:\/\/www.hamburger-laufladen.de\/wordpress\/wp-content\/uploads\/2014\/12\/adidas.gif\" alt=\"adidas\" width=\"100\" height=\"100\" \/><\/a> <a href=\"http:\/\/www.hamburger-laufladen.de\/wordpress\/wp-content\/uploads\/2014\/12\/asics.gif\"><img loading=\"lazy\" decoding=\"async\" class=\"alignnone size-full wp-image-581\" src=\"http:\/\/www.hamburger-laufladen.de\/wordpress\/wp-content\/uploads\/2014\/12\/asics.gif\" alt=\"asics\" width=\"100\" height=\"100\" \/><\/a> <a href=\"http:\/\/www.hamburger-laufladen.de\/wordpress\/wp-content\/uploads\/2014\/12\/brooks.gif\"><img loading=\"lazy\" decoding=\"async\" class=\"alignnone size-full wp-image-582\" src=\"http:\/\/www.hamburger-laufladen.de\/wordpress\/wp-content\/uploads\/2014\/12\/brooks.gif\" alt=\"brooks\" width=\"100\" height=\"100\" \/><\/a>\u00a0 <a href=\"http:\/\/www.hamburger-laufladen.de\/wordpress\/wp-content\/uploads\/2014\/12\/cep.gif\"><img loading=\"lazy\" decoding=\"async\" class=\"alignnone size-full wp-image-584\" src=\"http:\/\/www.hamburger-laufladen.de\/wordpress\/wp-content\/uploads\/2014\/12\/cep.gif\" alt=\"cep\" width=\"100\" height=\"100\" \/><\/a>\u00a0 <a href=\"http:\/\/www.hamburger-laufladen.de\/wordpress\/wp-content\/uploads\/2014\/12\/falke.jpg\"><img loading=\"lazy\" decoding=\"async\" class=\"alignnone size-full wp-image-586\" src=\"http:\/\/www.hamburger-laufladen.de\/wordpress\/wp-content\/uploads\/2014\/12\/falke.jpg\" alt=\"falke\" width=\"100\" height=\"100\" \/><\/a><a href=\"http:\/\/www.hamburger-laufladen.de\/wordpress\/wp-content\/uploads\/2014\/12\/gore.gif\"><img loading=\"lazy\" decoding=\"async\" class=\"alignnone size-full wp-image-589\" src=\"http:\/\/www.hamburger-laufladen.de\/wordpress\/wp-content\/uploads\/2014\/12\/gore.gif\" alt=\"gore\" width=\"100\" height=\"100\" \/><\/a><a href=\"http:\/\/www.hamburger-laufladen.de\/wordpress\/wp-content\/uploads\/2014\/12\/falke.jpg\"> \u00a0 <\/a><a href=\"https:\/\/www.hamburger-laufladen.de\/wordpress\/wp-content\/uploads\/2024\/10\/logo-incylence-socks-running-1034143.png\"><img loading=\"lazy\" decoding=\"async\" class=\"wp-image-21179 alignleft\" src=\"https:\/\/www.hamburger-laufladen.de\/wordpress\/wp-content\/uploads\/2024\/10\/logo-incylence-socks-running-1034143-150x150.png\" alt=\"\" width=\"77\" height=\"77\" srcset=\"https:\/\/www.hamburger-laufladen.de\/wordpress\/wp-content\/uploads\/2024\/10\/logo-incylence-socks-running-1034143-150x150.png 150w, https:\/\/www.hamburger-laufladen.de\/wordpress\/wp-content\/uploads\/2024\/10\/logo-incylence-socks-running-1034143.png 228w\" sizes=\"auto, (max-width: 77px) 100vw, 77px\" \/><\/a><a href=\"http:\/\/www.hamburger-laufladen.de\/wordpress\/wp-content\/uploads\/2014\/12\/newbalance.jpg\"><img loading=\"lazy\" decoding=\"async\" class=\"alignnone size-full wp-image-596\" src=\"http:\/\/www.hamburger-laufladen.de\/wordpress\/wp-content\/uploads\/2014\/12\/newbalance.jpg\" alt=\"newbalance\" width=\"100\" height=\"100\" \/><\/a><a href=\"http:\/\/www.hamburger-laufladen.de\/wordpress\/wp-content\/uploads\/2014\/12\/newline.gif\"><img loading=\"lazy\" decoding=\"async\" class=\"alignnone size-full wp-image-597\" src=\"http:\/\/www.hamburger-laufladen.de\/wordpress\/wp-content\/uploads\/2014\/12\/newline.gif\" alt=\"newline\" width=\"100\" height=\"100\" \/><\/a>\u00a0 <a href=\"http:\/\/www.hamburger-laufladen.de\/wordpress\/wp-content\/uploads\/2014\/12\/purelime.gif\"><img loading=\"lazy\" decoding=\"async\" class=\"alignnone size-full wp-image-604\" src=\"http:\/\/www.hamburger-laufladen.de\/wordpress\/wp-content\/uploads\/2014\/12\/purelime.gif\" alt=\"purelime\" width=\"100\" height=\"100\" \/><\/a><a href=\"http:\/\/www.hamburger-laufladen.de\/wordpress\/wp-content\/uploads\/2014\/12\/falke.jpg\">\u00a0\u00a0 <\/a><\/h2>\n<\/div>\n","protected":false},"excerpt":{"rendered":"<p>Schuhe: Spezialspikes, Laufschuhe, Trailschuhe, Allroundspikes, Sprungspikes, Wettkampfschuhe, Carbonschuhe, Wurfschuhe, Kinderlaufschuhe, wasserfeste Laufschuhe und vor allem Laufschuhe, Laufschuhe und nochmal Laufschuhe. F\u00fcr Frauen, M\u00e4nner und auch f\u00fcr Kinder. Und das meiste davon von Gr\u00f6\u00dfe 30-50. Und noch mehr, falls durch uns bestellbar. Aber auch 27 und 54 sind am Lager. Wir machen auch individuelle Sonderbestellungen. Bsp. &hellip; <\/p>\n<p><a class=\"more-link btn\" href=\"https:\/\/www.hamburger-laufladen.de\/wordpress\/produktpalette\/\">Weiterlesen<\/a><\/p>\n","protected":false},"author":1,"featured_media":0,"parent":0,"menu_order":3,"comment_status":"closed","ping_status":"closed","template":"","meta":{"footnotes":""},"class_list":["post-80","page","type-page","status-publish","hentry","nodate","item-wrap"],"_links":{"self":[{"href":"https:\/\/www.hamburger-laufladen.de\/wordpress\/wp-json\/wp\/v2\/pages\/80","targetHints":{"allow":["GET"]}}],"collection":[{"href":"https:\/\/www.hamburger-laufladen.de\/wordpress\/wp-json\/wp\/v2\/pages"}],"about":[{"href":"https:\/\/www.hamburger-laufladen.de\/wordpress\/wp-json\/wp\/v2\/types\/page"}],"author":[{"embeddable":true,"href":"https:\/\/www.hamburger-laufladen.de\/wordpress\/wp-json\/wp\/v2\/users\/1"}],"replies":[{"embeddable":true,"href":"https:\/\/www.hamburger-laufladen.de\/wordpress\/wp-json\/wp\/v2\/comments?post=80"}],"version-history":[{"count":79,"href":"https:\/\/www.hamburger-laufladen.de\/wordpress\/wp-json\/wp\/v2\/pages\/80\/revisions"}],"predecessor-version":[{"id":21491,"href":"https:\/\/www.hamburger-laufladen.de\/wordpress\/wp-json\/wp\/v2\/pages\/80\/revisions\/21491"}],"wp:attachment":[{"href":"https:\/\/www.hamburger-laufladen.de\/wordpress\/wp-json\/wp\/v2\/media?parent=80"}],"curies":[{"name":"wp","href":"https:\/\/api.w.org\/{rel}","templated":true}]}}