{"id":84,"date":"2014-12-01T22:25:32","date_gmt":"2014-12-01T20:25:32","guid":{"rendered":"http:\/\/www.hamburger-laufladen.de\/wordpress\/?page_id=84"},"modified":"2023-02-02T16:07:44","modified_gmt":"2023-02-02T14:07:44","slug":"marathon","status":"publish","type":"page","link":"https:\/\/www.hamburger-laufladen.de\/wordpress\/marathon\/","title":{"rendered":"Halbmarathon- und Marathontraining"},"content":{"rendered":"<div id=\"fb-root\"><\/div>\n<h1><strong><span style=\"color: #ff0000;\"><a href=\"\/wordpress\/wp-content\/uploads\/2016\/10\/42km.png\"><img loading=\"lazy\" decoding=\"async\" class=\"alignright wp-image-1026\" src=\"\/wordpress\/wp-content\/uploads\/2016\/10\/42km.png\" alt=\"42km\" width=\"225\" height=\"152\" \/><\/a><\/span><\/strong>Am Anfang steht euer Training:<\/h1>\n<p>Egal ob ganz oder halb euer Training besteht im Groben aus:<br \/>\n1. Einem langen Lauf,<br \/>\n2. einmal Tempotraining und<br \/>\n3. vielen Kilometern. Wer ambitionierter an die Sache geht, sollte<br \/>\n4. noch einen Tempodauerlauf oder Fahrtspiel dazunehmen.\u00a0 \ud83d\ude42<\/p>\n<h2>Was ist 20-12 Wochen vor der geplanten Wettkampf wichtig?<\/h2>\n<p>Egal ob Halbmarathon oder Marathon: 3 x die Woche zu laufen ist eine Vorrausetzung.<\/p>\n<p>F\u00fcr die Marathonis sind es ca. min 35km\/Woche, f\u00fcr die Halbmarathonies min.<br \/>\n22km\/Woche. Die letzten 12 Wochen vor dem geplanten Wettkampf, wird dann mit einem Trainingsplan trainiert und nat\u00fcrlich werden es da mehr Kilometer. <strong>Ab 12 Wochen<\/strong> vor den Event wird sind es dann jede Woche ab 45km\/Woche, f\u00fcr die Halbmarathonies min. und 30km\/Woche. Guckt euch die (Rahmen-)Trainingspl\u00e4ne dazu an.<\/p>\n<h2><a href=\"https:\/\/www.hamburger-laufladen.de\/wordpress\/marathon\/rahmentrainingsplaene-fuer-den-marathon\/\">&gt;&gt;&gt; Zu den Trainingspl\u00e4nen<\/a><\/h2>\n<h2><a href=\"http:\/\/www.hamburger-laufladen.de\/wordpress\/wp-content\/uploads\/2018\/03\/Tipps_fuer_den_Marathon.pdf\">&gt;&gt;&gt; Tipps und Tricks f\u00fcr den Marathon<\/a><\/h2>\n<h2><a href=\"https:\/\/www.hamburger-laufladen.de\/wordpress\/marathon\/marathontipps-die-langen-laeufe-1\/\">&gt;&gt;&gt; Die langen L\u00e4ufe<\/a><\/h2>\n<h2><a href=\"https:\/\/www.hamburger-laufladen.de\/wordpress\/marathon\/marathontipps-trainingsaufbau\/\">&gt;&gt;&gt; Trainingsaufbau Marathon<\/a><\/h2>\n<h2><a href=\"https:\/\/www.hamburger-laufladen.de\/wordpress\/marathon\/tipps-fuer-den-marathon-vom-hamburger-laufladen\/\">&gt;&gt;&gt; Die Woche davor und nach dem (Halb)Marathon<\/a><\/h2>\n<div>\n<h2><a href=\"http:\/\/www.hamburger-laufladen.de\/wordpress\/wp-content\/uploads\/2018\/03\/Tempotabelle_Marathon.pdf\" target=\"page\" rel=\"noopener noreferrer\">&gt;&gt;&gt; Tempotabelle f\u00fcr den Marathon<\/a><\/h2>\n<p>F\u00fcr alle L\u00e4uferInnen und auch f\u00fcr die BegleiterInnen wichtig.<br \/>\nWie schnell muss ich auf einen Kilometer laufen, wenn ich zu einer bestimmten Zeit im Ziel sein m\u00f6chte?<br \/>\nWann muss ich als Begleiter wo sein, damit ich sie\/ ihn sehen kann?<\/p>\n<\/div>\n","protected":false},"excerpt":{"rendered":"<p>Am Anfang steht euer Training: Egal ob ganz oder halb euer Training besteht im Groben aus: 1. Einem langen Lauf, 2. einmal Tempotraining und 3. vielen Kilometern. Wer ambitionierter an die Sache geht, sollte 4. noch einen Tempodauerlauf oder Fahrtspiel dazunehmen.\u00a0 \ud83d\ude42 Was ist 20-12 Wochen vor der geplanten Wettkampf wichtig? Egal ob Halbmarathon oder &hellip; <\/p>\n<p><a class=\"more-link btn\" href=\"https:\/\/www.hamburger-laufladen.de\/wordpress\/marathon\/\">Weiterlesen<\/a><\/p>\n","protected":false},"author":1,"featured_media":0,"parent":0,"menu_order":9,"comment_status":"closed","ping_status":"closed","template":"","meta":{"footnotes":""},"class_list":["post-84","page","type-page","status-publish","hentry","nodate","item-wrap"],"_links":{"self":[{"href":"https:\/\/www.hamburger-laufladen.de\/wordpress\/wp-json\/wp\/v2\/pages\/84","targetHints":{"allow":["GET"]}}],"collection":[{"href":"https:\/\/www.hamburger-laufladen.de\/wordpress\/wp-json\/wp\/v2\/pages"}],"about":[{"href":"https:\/\/www.hamburger-laufladen.de\/wordpress\/wp-json\/wp\/v2\/types\/page"}],"author":[{"embeddable":true,"href":"https:\/\/www.hamburger-laufladen.de\/wordpress\/wp-json\/wp\/v2\/users\/1"}],"replies":[{"embeddable":true,"href":"https:\/\/www.hamburger-laufladen.de\/wordpress\/wp-json\/wp\/v2\/comments?post=84"}],"version-history":[{"count":113,"href":"https:\/\/www.hamburger-laufladen.de\/wordpress\/wp-json\/wp\/v2\/pages\/84\/revisions"}],"predecessor-version":[{"id":19122,"href":"https:\/\/www.hamburger-laufladen.de\/wordpress\/wp-json\/wp\/v2\/pages\/84\/revisions\/19122"}],"wp:attachment":[{"href":"https:\/\/www.hamburger-laufladen.de\/wordpress\/wp-json\/wp\/v2\/media?parent=84"}],"curies":[{"name":"wp","href":"https:\/\/api.w.org\/{rel}","templated":true}]}}